{"id":868,"date":"2024-07-22T15:03:16","date_gmt":"2024-07-22T15:03:16","guid":{"rendered":"https:\/\/ykhoathongminh.com\/?post_type=product&#038;p=868"},"modified":"2025-02-05T04:22:27","modified_gmt":"2025-02-05T04:22:27","slug":"may-massage-nen-ep-tri-lieu-gapo-alance-cao-cap-kem-bao-chan-2","status":"publish","type":"product","link":"https:\/\/ykhoathongminh.com\/en\/product\/may-massage-nen-ep-tri-lieu-gapo-alance-cao-cap-kem-bao-chan-2\/","title":{"rendered":"M\u00e1y massage n\u00e9n \u00e9p tr\u1ecb li\u1ec7u Gapo Alance Cao c\u1ea5p k\u00e8m Bao ch\u00e2n"},"content":{"rendered":"<h2><strong>1. Nguy\u00ean nh\u00e2n h\u00ecnh th\u00e0nh b\u1ec7nh suy gi\u00e3n t\u0129nh m\u1ea1ch<\/strong><\/h2>\n<p>B\u1ec7nh suy gi\u00e3n t\u0129nh m\u1ea1ch chi d\u01b0\u1edbi (ch\u00e2n) l\u00e0 b\u1ec7nh l\u00fd thu\u1ed9c h\u1ec7 th\u1ed1ng m\u1ea1ch m\u00e1u c\u1ee7a c\u01a1 th\u1ec3. \u1ede b\u1ec7nh n\u00e0y, th\u00e0nh t\u0129nh m\u1ea1ch ch\u00e2n b\u1ecb gi\u00e3n n\u1edf qu\u00e1 m\u1ee9c l\u00e0m gi\u1ea3m ho\u1eb7c m\u1ea5t kh\u1ea3 n\u0103ng \u0111\u00e0n h\u1ed3i g\u00e2y nh\u1eefng r\u1ed1i lo\u1ea1n v\u1ec1 huy\u1ebft \u0111\u1ed9ng v\u00e0 l\u00e0m bi\u1ebfn d\u1ea1ng c\u00e1c t\u1ed5 ch\u1ee9c m\u00f4 xung quanh.<\/p>\n<p>B\u00ecnh th\u01b0\u1eddng t\u0129nh m\u1ea1ch c\u00f3 nhi\u1ec7m v\u1ee5 \u0111\u01b0a m\u00e1u t\u1eeb ch\u00e2n tr\u1edf v\u1ec1 tim theo 1 chi\u1ec1u d\u01b0\u1edbi s\u1ef1 ki\u1ec3m so\u00e1t c\u1ee7a h\u1ec7 th\u1ed1ng van 1 chi\u1ec1u trong l\u00f2ng t\u0129nh m\u1ea1ch. Khi c\u00f3 nguy\u00ean nh\u00e2n n\u00e0o \u0111\u00f3 l\u00e0m t\u0103ng \u00e1p l\u1ef1c xu\u1ed1ng h\u1ec7 th\u1ed1ng t\u0129nh m\u1ea1ch, l\u00e0m gi\u00e3n n\u1edf t\u0129nh m\u1ea1ch qu\u00e1 m\u1ee9c v\u00e0 h\u01b0 h\u1ea1i c\u00e1c van 1 chi\u1ec1u, khi\u1ebfn c\u00e1c van kh\u00f4ng th\u1ec3 \u0111\u00f3ng k\u00edn.<\/p>\n<p>T\u1eeb \u0111\u00f3 trong l\u00f2ng t\u0129nh m\u1ea1ch m\u00e1u kh\u00f4ng th\u1ec3 v\u1ec1 tim \u0111\u1ea7y \u0111\u1ee7 t\u1eeb \u0111\u00f3 l\u00e0m t\u0103ng \u00e1p l\u1ef1c trong l\u00f2ng m\u1ea1ch, l\u00e2u d\u1ea7n g\u00e2y \u1ee9 tr\u1ec7 m\u00e1u trong l\u00f2ng m\u1ea1ch, t\u00ecnh tr\u1ea1ng b\u1ec7nh c\u00e0ng th\u00eam tr\u1ea7m tr\u1ecdng. V\u1ec1 l\u00e2u d\u00e0i, \u00e1p l\u1ef1c \u0111\u00f3 s\u1ebd k\u00e9o gi\u00e3n th\u00e0nh t\u0129nh m\u1ea1ch v\u00e0 h\u00ecnh th\u00e0nh b\u1ec7nh suy gi\u00e3n t\u0129nh m\u1ea1ch ch\u00e2n.<\/p>\n<p><img loading=\"lazy\" decoding=\"async\" class=\"size-medium wp-image-6106\" src=\"https:\/\/ykhoathongminh.com\/wp-content\/uploads\/2024\/07\/May-dieu-tri-suy-gian-tinh-mach-han-quoc-cao-cap-alance-tai-dong-nai-300x300.jpg\" alt=\"\" width=\"300\" height=\"300\" srcset=\"https:\/\/ykhoathongminh.com\/wp-content\/uploads\/2024\/07\/May-dieu-tri-suy-gian-tinh-mach-han-quoc-cao-cap-alance-tai-dong-nai-300x300.jpg 300w, https:\/\/ykhoathongminh.com\/wp-content\/uploads\/2024\/07\/May-dieu-tri-suy-gian-tinh-mach-han-quoc-cao-cap-alance-tai-dong-nai-150x150.jpg 150w, https:\/\/ykhoathongminh.com\/wp-content\/uploads\/2024\/07\/May-dieu-tri-suy-gian-tinh-mach-han-quoc-cao-cap-alance-tai-dong-nai-768x770.jpg 768w, https:\/\/ykhoathongminh.com\/wp-content\/uploads\/2024\/07\/May-dieu-tri-suy-gian-tinh-mach-han-quoc-cao-cap-alance-tai-dong-nai-12x12.jpg 12w, https:\/\/ykhoathongminh.com\/wp-content\/uploads\/2024\/07\/May-dieu-tri-suy-gian-tinh-mach-han-quoc-cao-cap-alance-tai-dong-nai-600x602.jpg 600w, https:\/\/ykhoathongminh.com\/wp-content\/uploads\/2024\/07\/May-dieu-tri-suy-gian-tinh-mach-han-quoc-cao-cap-alance-tai-dong-nai-100x100.jpg 100w, https:\/\/ykhoathongminh.com\/wp-content\/uploads\/2024\/07\/May-dieu-tri-suy-gian-tinh-mach-han-quoc-cao-cap-alance-tai-dong-nai.jpg 997w\" sizes=\"(max-width: 300px) 100vw, 300px\" \/><\/p>\n<h2><strong>2. C\u01a1 ch\u1ebf \u0111i\u1ec1u tr\u1ecb c\u1ee7a m\u00e1y n\u00e9n \u00e9p tr\u1ecb li\u1ec7u Gapo<\/strong><\/h2>\n<p><strong>A. C\u00f4ng ngh\u1ec7 ti\u00ean ti\u1ebfn c\u1ee7a m\u00e1y Gapo:<\/strong><\/p>\n<p>M\u00e1y n\u00e9n \u00e9p tr\u1ecb li\u1ec7u \u00e1p l\u1ef1c h\u01a1i (hay m\u00e1y xoa b\u00f3p tu\u1ea7n ho\u00e0n kh\u00ed) s\u1eed d\u1ee5ng <strong>c\u00f4ng ngh\u1ec7 n\u00e9n kh\u00ed<\/strong> t\u00ednh b\u1eb1ng mmHg, gi\u00fap l\u01b0u th\u00f4ng m\u00e1u t\u1eeb v\u00f9ng xa tim v\u1ec1 tim.<\/p>\n<ul>\n<li>C\u00f3 <strong>3 ch\u1ebf \u0111\u1ed9 n\u00e9n<\/strong>: Th\u1ee7 c\u00f4ng, t\u1ef1 \u0111\u1ed9ng, v\u00e0 c\u00e0i s\u1eb5n, ph\u00f9 h\u1ee3p v\u1edbi t\u1eebng nhu c\u1ea7u \u0111i\u1ec1u tr\u1ecb.<\/li>\n<\/ul>\n<p><strong>B. Hi\u1ec7u qu\u1ea3 \u0111i\u1ec1u tr\u1ecb:<\/strong><\/p>\n<ul>\n<li>H\u1ea1n ch\u1ebf \u1ee9 tr\u1ec7 tu\u1ea7n ho\u00e0n \u1edf chi d\u01b0\u1edbi.<\/li>\n<li>Gi\u1ea3m \u0111au nh\u1ee9c, ph\u00f9 n\u1ec1, chu\u1ed9t r\u00fat \u1edf ng\u01b0\u1eddi b\u1ecb suy gi\u00e3n t\u0129nh m\u1ea1ch ho\u1eb7c \u00edt v\u1eadn \u0111\u1ed9ng.<\/li>\n<li>T\u0103ng tu\u1ea7n ho\u00e0n m\u00e1u, massage nh\u1eb9 nh\u00e0ng gi\u00fap th\u01b0 gi\u00e3n c\u01a1 b\u1eafp.<\/li>\n<\/ul>\n<h2><strong>3. Th\u00f4ng s\u1ed1 k\u1ef9 thu\u1eadt c\u1ee7a m\u00e1y n\u00e9n \u00e9p tr\u1ecb li\u1ec7u Gapo<\/strong><\/h2>\n<ul>\n<li><strong>\u0110i\u1ec1u khi\u1ec3n:<\/strong> S\u1eed d\u1ee5ng n\u00fat b\u1ea5m tr\u00ean thi\u1ebft b\u1ecb.<\/li>\n<li><strong>T\u00fai kh\u00ed:<\/strong> 3 lo\u1ea1i t\u00fai kh\u00ed (ch\u00e2n, l\u01b0ng, tay) v\u1edbi 5 khoang kh\u00ed \u0111i\u1ec1u tr\u1ecb kh\u00e1c nhau.<\/li>\n<li><strong>Ch\u1ebf \u0111\u1ed9 \u0111i\u1ec1u tr\u1ecb:<\/strong> T\u1ef1 \u0111\u1ed9ng, \u0111i\u1ec1u ch\u1ec9nh b\u1eb1ng tay, ho\u1eb7c 3 ch\u1ebf \u0111\u1ed9 c\u00e0i s\u1eb5n.<\/li>\n<li><strong>Th\u1eddi gian \u0111i\u1ec1u tr\u1ecb:<\/strong> 15-30 ph\u00fat.<\/li>\n<li><strong>\u00c1p l\u1ef1c b\u00f3p:<\/strong> 20-520 mmHg, \u0111i\u1ec1u ch\u1ec9nh t\u1eeb m\u1ee9c 1-8.<\/li>\n<li><strong>Tr\u1ecdng l\u01b0\u1ee3ng m\u00e1y:<\/strong> 1,5 kg.<\/li>\n<li><strong>Ngu\u1ed3n \u0111i\u1ec7n:<\/strong> AC 100-240V 4A.<\/li>\n<\/ul>\n<h2><strong>4. \u0110\u1ed1i t\u01b0\u1ee3ng s\u1eed d\u1ee5ng m\u00e1y n\u00e9n \u00e9p tr\u1ecb li\u1ec7u Gapo<\/strong><\/h2>\n<ul>\n<li>Ng\u01b0\u1eddi b\u1ecb <strong>suy gi\u00e3n t\u0129nh m\u1ea1ch<\/strong>, <strong>ph\u00f9 n\u1ec1<\/strong> ho\u1eb7c <strong>r\u1ed1i lo\u1ea1n tu\u1ea7n ho\u00e0n<\/strong>.<\/li>\n<li>Ng\u01b0\u1eddi b\u1ecb <strong>ch\u1ea5n th\u01b0\u01a1ng<\/strong>, <strong>\u0111au d\u00e2y th\u1ea7n kinh t\u1ecda<\/strong>, <strong>ph\u00f9 m\u00e3n t\u00ednh<\/strong>, ho\u1eb7c <strong>ch\u00e2n tay l\u1ea1nh<\/strong>.<\/li>\n<li>B\u1ec7nh nh\u00e2n b\u1ecb <strong>xanh t\u00edm \u0111\u1ea7u chi<\/strong>, <strong>lo\u00e9t t\u0129nh m\u1ea1ch<\/strong>, ho\u1eb7c thi\u1ebfu m\u00e1u c\u1ee5c b\u1ed9.<\/li>\n<li>Ng\u01b0\u1eddi l\u1edbn tu\u1ed5i, <strong>ph\u1ee5 n\u1eef sau sinh<\/strong>, v\u00e0 nh\u1eefng ng\u01b0\u1eddi c\u1ea7n <strong>th\u01b0 gi\u00e3n c\u01a1 b\u1eafp<\/strong>.<\/li>\n<\/ul>\n<h2><strong>5. Ph\u1ee5 ki\u1ec7n \u0111i k\u00e8m c\u1ee7a m\u00e1y n\u00e9n \u00e9p tr\u1ecb li\u1ec7u Gapo<\/strong><\/h2>\n<ul>\n<li>01 M\u00e1y ch\u00ednh<\/li>\n<li>01 \u1ed0ng d\u1eabn kh\u00ed \u0111\u00f4i<\/li>\n<li>02 Bao ch\u00e2n n\u00e9n \u00e9p tr\u1ecb li\u1ec7u 5 khoang kh\u00ed<\/li>\n<li>01 S\u00e1ch h\u01b0\u1edbng d\u1eabn s\u1eed d\u1ee5ng<\/li>\n<\/ul>\n<p>M\u00e1y n\u00e9n \u00e9p tr\u1ecb li\u1ec7u <strong>Gapo Multi 5<\/strong> kh\u00f4ng ch\u1ec9 gi\u00fap \u0111i\u1ec1u tr\u1ecb suy gi\u00e3n t\u0129nh m\u1ea1ch, m\u00e0 c\u00f2n t\u0103ng c\u01b0\u1eddng tu\u1ea7n ho\u00e0n m\u00e1u, gi\u00fap th\u01b0 gi\u00e3n v\u00e0 gi\u1ea3m \u0111au nh\u1ee9c hi\u1ec7u qu\u1ea3. \u0110\u00e2y l\u00e0 gi\u1ea3i ph\u00e1p ho\u00e0n h\u1ea3o cho nh\u1eefng ng\u01b0\u1eddi g\u1eb7p v\u1ea5n \u0111\u1ec1 v\u1ec1 t\u0129nh m\u1ea1ch ho\u1eb7c c\u1ea7n ch\u0103m s\u00f3c s\u1ee9c kh\u1ecfe to\u00e0n di\u1ec7n.<\/p>","protected":false},"excerpt":{"rendered":"<p><strong>Ph\u1ee5 ki\u1ec7n theo m\u00e1y<\/strong>: Bao ch\u00e2n.<\/p>\n<p><strong>H\u00e3ng s\u1ea3n xu\u1ea5t:<\/strong> GAPO &#8211; H\u00e0n Qu\u1ed1c<\/p>\n<p><strong>B\u1ea3o h\u00e0nh ch\u00ednh h\u00e3ng:<\/strong> 12 th\u00e1ng<\/p>","protected":false},"featured_media":6107,"comment_status":"open","ping_status":"closed","template":"","meta":{"_acf_changed":false,"rank_math_lock_modified_date":false},"product_cat":[37,1379,177,487,40,1372,93,1377],"product_tag":[],"class_list":{"0":"post-868","1":"product","2":"type-product","3":"status-publish","4":"has-post-thumbnail","6":"product_cat-cham-soc-benh-gian-tinh-mach","7":"product_cat-ho-tro-dieu-tri","8":"product_cat-may-massage-chan","9":"product_cat-may-massage-tri-lieu","10":"product_cat-may-nen-ep-tri-lieu-cham-soc-benh-gian-tinh-mach","11":"product_cat-san-pham-massage-ban-chay","12":"product_cat-thiet-bi-massage","13":"product_cat-y-khoa-thong-minh","15":"first","16":"instock","17":"shipping-taxable","18":"purchasable","19":"product-type-simple"},"acf":[],"_links":{"self":[{"href":"https:\/\/ykhoathongminh.com\/en\/wp-json\/wp\/v2\/product\/868"}],"collection":[{"href":"https:\/\/ykhoathongminh.com\/en\/wp-json\/wp\/v2\/product"}],"about":[{"href":"https:\/\/ykhoathongminh.com\/en\/wp-json\/wp\/v2\/types\/product"}],"replies":[{"embeddable":true,"href":"https:\/\/ykhoathongminh.com\/en\/wp-json\/wp\/v2\/comments?post=868"}],"wp:featuredmedia":[{"embeddable":true,"href":"https:\/\/ykhoathongminh.com\/en\/wp-json\/wp\/v2\/media\/6107"}],"wp:attachment":[{"href":"https:\/\/ykhoathongminh.com\/en\/wp-json\/wp\/v2\/media?parent=868"}],"wp:term":[{"taxonomy":"product_cat","embeddable":true,"href":"https:\/\/ykhoathongminh.com\/en\/wp-json\/wp\/v2\/product_cat?post=868"},{"taxonomy":"product_tag","embeddable":true,"href":"https:\/\/ykhoathongminh.com\/en\/wp-json\/wp\/v2\/product_tag?post=868"}],"curies":[{"name":"wp","href":"https:\/\/api.w.org\/{rel}","templated":true}]}}