{"id":8790,"date":"2024-10-22T13:17:35","date_gmt":"2024-10-22T13:17:35","guid":{"rendered":"https:\/\/ykhoathongminh.com\/?post_type=product&#038;p=8790"},"modified":"2024-10-31T15:17:21","modified_gmt":"2024-10-31T15:17:21","slug":"xe-lan-tay-bang-inox-cho-nguoi-cao-tuoi-duc-cuong-banh-mam","status":"publish","type":"product","link":"https:\/\/ykhoathongminh.com\/en\/product\/xe-lan-tay-bang-inox-cho-nguoi-cao-tuoi-duc-cuong-banh-mam\/","title":{"rendered":"Xe L\u0103n Tay B\u1eb1ng Inox Cho Ng\u01b0\u1eddi Cao Tu\u1ed5i \u0110\u1ee9c C\u01b0\u1eddng B\u00e1nh M\u00e2m"},"content":{"rendered":"<p>Xe l\u0103n tay inox \u0110\u1ee9c C\u01b0\u1eddng d\u00e0nh cho ng\u01b0\u1eddi cao tu\u1ed5i l\u00e0 s\u1ef1 k\u1ebft h\u1ee3p ho\u00e0n h\u1ea3o gi\u1eefa \u0111\u1ed9 b\u1ec1n b\u1ec9, ch\u1eafc ch\u1eafn v\u00e0 thi\u1ebft k\u1ebf th\u00e2n thi\u1ec7n v\u1edbi ng\u01b0\u1eddi d\u00f9ng. V\u1edbi ch\u1ea5t li\u1ec7u inox cao c\u1ea5p v\u00e0 b\u00e1nh m\u00e2m \u0111\u1eb7c bi\u1ec7t, s\u1ea3n ph\u1ea9m n\u00e0y mang l\u1ea1i s\u1ef1 an to\u00e0n v\u00e0 tho\u1ea3i m\u00e1i t\u1ed1i \u0111a, gi\u00fap ng\u01b0\u1eddi d\u00f9ng d\u1ec5 d\u00e0ng di chuy\u1ec3n trong m\u1ecdi kh\u00f4ng gian.<\/p>\n<h3><strong>\u01afu \u0111i\u1ec3m n\u1ed5i b\u1eadt c\u1ee7a xe l\u0103n \u0110\u1ee9c C\u01b0\u1eddng:<\/strong><\/h3>\n<ul>\n<li><strong>Ch\u1ea5t li\u1ec7u inox ch\u1ed1ng g\u1ec9 s\u00e9t<\/strong>: Khung xe \u0111\u01b0\u1ee3c l\u00e0m t\u1eeb inox ch\u1ea5t l\u01b0\u1ee3ng cao, gi\u00fap xe lu\u00f4n s\u00e1ng b\u00f3ng, b\u1ec1n b\u1ec9, v\u00e0 ch\u1ed1ng g\u1ec9 s\u00e9t hi\u1ec7u qu\u1ea3. \u0110\u00e2y l\u00e0 l\u1ef1a ch\u1ecdn l\u00fd t\u01b0\u1edfng \u0111\u1ec3 s\u1eed d\u1ee5ng l\u00e2u d\u00e0i, ngay c\u1ea3 trong m\u00f4i tr\u01b0\u1eddng \u1ea9m \u01b0\u1edbt.<\/li>\n<li><strong>B\u00e1nh m\u00e2m ch\u1eafc ch\u1eafn v\u00e0 \u1ed5n \u0111\u1ecbnh<\/strong>: Xe l\u0103n \u0111\u01b0\u1ee3c trang b\u1ecb b\u00e1nh m\u00e2m m\u1ea1nh m\u1ebd, gi\u00fap xe di chuy\u1ec3n \u1ed5n \u0111\u1ecbnh v\u00e0 \u00eam \u00e1i tr\u00ean nhi\u1ec1u lo\u1ea1i \u0111\u1ecba h\u00ecnh. B\u00e1nh m\u00e2m c\u00f2n c\u00f3 kh\u1ea3 n\u0103ng b\u00e1m \u0111\u01b0\u1eddng t\u1ed1t, t\u0103ng c\u01b0\u1eddng \u0111\u1ed9 an to\u00e0n v\u00e0 gi\u1ea3m thi\u1ec3u nguy c\u01a1 tr\u01a1n tr\u01b0\u1ee3t khi s\u1eed d\u1ee5ng.<\/li>\n<\/ul>\n<figure id=\"attachment_8791\" aria-describedby=\"caption-attachment-8791\" style=\"width: 290px\" class=\"wp-caption aligncenter\"><img loading=\"lazy\" decoding=\"async\" class=\"size-medium wp-image-8791\" src=\"https:\/\/ykhoathongminh.com\/wp-content\/uploads\/2024\/10\/Xe-lan-tay-inox-banh-mam-duc-cuong-cho-nguoi-gia-chac-chan-290x300.jpg\" alt=\"\" width=\"290\" height=\"300\" srcset=\"https:\/\/ykhoathongminh.com\/wp-content\/uploads\/2024\/10\/Xe-lan-tay-inox-banh-mam-duc-cuong-cho-nguoi-gia-chac-chan-290x300.jpg 290w, https:\/\/ykhoathongminh.com\/wp-content\/uploads\/2024\/10\/Xe-lan-tay-inox-banh-mam-duc-cuong-cho-nguoi-gia-chac-chan-768x794.jpg 768w, https:\/\/ykhoathongminh.com\/wp-content\/uploads\/2024\/10\/Xe-lan-tay-inox-banh-mam-duc-cuong-cho-nguoi-gia-chac-chan-12x12.jpg 12w, https:\/\/ykhoathongminh.com\/wp-content\/uploads\/2024\/10\/Xe-lan-tay-inox-banh-mam-duc-cuong-cho-nguoi-gia-chac-chan-600x620.jpg 600w, https:\/\/ykhoathongminh.com\/wp-content\/uploads\/2024\/10\/Xe-lan-tay-inox-banh-mam-duc-cuong-cho-nguoi-gia-chac-chan.jpg 886w\" sizes=\"(max-width: 290px) 100vw, 290px\" \/><figcaption id=\"caption-attachment-8791\" class=\"wp-caption-text\">Xe l\u0103n tay b\u1eb1ng inox cho ng\u01b0\u1eddi cao tu\u1ed5i \u0110\u1ee9c C\u01b0\u1eddng b\u00e1nh m\u00e2m<\/figcaption><\/figure>\n<ul>\n<li><strong>Thi\u1ebft k\u1ebf linh ho\u1ea1t, d\u1ec5 \u0111i\u1ec1u khi\u1ec3n<\/strong>: Xe l\u0103n tay inox \u0110\u1ee9c C\u01b0\u1eddng \u0111\u01b0\u1ee3c thi\u1ebft k\u1ebf \u0111\u1ec3 ng\u01b0\u1eddi cao tu\u1ed5i c\u00f3 th\u1ec3 t\u1ef1 \u0111i\u1ec1u khi\u1ec3n ho\u1eb7c ng\u01b0\u1eddi th\u00e2n h\u1ed7 tr\u1ee3 d\u1ec5 d\u00e0ng. Tay c\u1ea7m v\u00e0 ch\u1ed7 ng\u1ed3i \u0111\u01b0\u1ee3c l\u00e0m t\u1eeb ch\u1ea5t li\u1ec7u tho\u1ea3i m\u00e1i, gi\u00fap gi\u1ea3m m\u1ecfi khi s\u1eed d\u1ee5ng l\u00e2u.<\/li>\n<li><strong>Ph\u00f9 h\u1ee3p cho ng\u01b0\u1eddi cao tu\u1ed5i v\u00e0 ng\u01b0\u1eddi c\u1ea7n h\u1ed7 tr\u1ee3 di chuy\u1ec3n<\/strong>: \u0110\u00e2y l\u00e0 s\u1ea3n ph\u1ea9m l\u00fd t\u01b0\u1edfng cho ng\u01b0\u1eddi cao tu\u1ed5i, ng\u01b0\u1eddi b\u1ec7nh ho\u1eb7c ng\u01b0\u1eddi c\u1ea7n h\u1ed7 tr\u1ee3 trong sinh ho\u1ea1t h\u00e0ng ng\u00e0y, gi\u00fap h\u1ecd di chuy\u1ec3n d\u1ec5 d\u00e0ng v\u00e0 tho\u1ea3i m\u00e1i h\u01a1n.<\/li>\n<\/ul>\n<p>V\u1edbi xe l\u0103n tay b\u1eb1ng inox \u0110\u1ee9c C\u01b0\u1eddng b\u00e1nh m\u00e2m, ng\u01b0\u1eddi d\u00f9ng c\u00f3 th\u1ec3 y\u00ean t\u00e2m t\u1eadn h\u01b0\u1edfng c\u1ea3m gi\u00e1c di chuy\u1ec3n \u1ed5n \u0111\u1ecbnh, an to\u00e0n v\u00e0 ti\u1ec7n l\u1ee3i trong t\u1eebng kho\u1ea3nh kh\u1eafc. \u0110\u00e2y l\u00e0 gi\u1ea3i ph\u00e1p ho\u00e0n h\u1ea3o gi\u00fap ng\u01b0\u1eddi cao tu\u1ed5i v\u00e0 ng\u01b0\u1eddi c\u1ea7n h\u1ed7 tr\u1ee3 di chuy\u1ec3n th\u00eam ph\u1ea7n t\u1ef1 tin v\u00e0 \u0111\u1ed9c l\u1eadp.<\/p>","protected":false},"excerpt":{"rendered":"<p><strong>Xe l\u0103n tay inox \u0110\u1ee9c C\u01b0\u1eddng<\/strong> d\u00e0nh cho ng\u01b0\u1eddi cao tu\u1ed5i l\u00e0 s\u1ef1 k\u1ebft h\u1ee3p ho\u00e0n h\u1ea3o gi\u1eefa \u0111\u1ed9 b\u1ec1n b\u1ec9, ch\u1eafc ch\u1eafn v\u00e0 thi\u1ebft k\u1ebf th\u00e2n thi\u1ec7n v\u1edbi ng\u01b0\u1eddi d\u00f9ng. V\u1edbi ch\u1ea5t li\u1ec7u inox cao c\u1ea5p v\u00e0 b\u00e1nh m\u00e2m \u0111\u1eb7c bi\u1ec7t, s\u1ea3n ph\u1ea9m n\u00e0y mang l\u1ea1i s\u1ef1 an to\u00e0n v\u00e0 tho\u1ea3i m\u00e1i t\u1ed1i \u0111a, gi\u00fap ng\u01b0\u1eddi d\u00f9ng d\u1ec5 d\u00e0ng di chuy\u1ec3n trong m\u1ecdi kh\u00f4ng gian.<\/p>","protected":false},"featured_media":8791,"comment_status":"open","ping_status":"closed","template":"","meta":{"_acf_changed":false,"rank_math_lock_modified_date":false},"product_cat":[109,110,114],"product_tag":[],"class_list":{"0":"post-8790","1":"product","2":"type-product","3":"status-publish","4":"has-post-thumbnail","6":"product_cat-san-pham-ho-tro-di-lai","7":"product_cat-xe-lan","8":"product_cat-xe-lan-tay","10":"first","11":"instock","12":"shipping-taxable","13":"purchasable","14":"product-type-simple"},"acf":[],"_links":{"self":[{"href":"https:\/\/ykhoathongminh.com\/en\/wp-json\/wp\/v2\/product\/8790"}],"collection":[{"href":"https:\/\/ykhoathongminh.com\/en\/wp-json\/wp\/v2\/product"}],"about":[{"href":"https:\/\/ykhoathongminh.com\/en\/wp-json\/wp\/v2\/types\/product"}],"replies":[{"embeddable":true,"href":"https:\/\/ykhoathongminh.com\/en\/wp-json\/wp\/v2\/comments?post=8790"}],"wp:featuredmedia":[{"embeddable":true,"href":"https:\/\/ykhoathongminh.com\/en\/wp-json\/wp\/v2\/media\/8791"}],"wp:attachment":[{"href":"https:\/\/ykhoathongminh.com\/en\/wp-json\/wp\/v2\/media?parent=8790"}],"wp:term":[{"taxonomy":"product_cat","embeddable":true,"href":"https:\/\/ykhoathongminh.com\/en\/wp-json\/wp\/v2\/product_cat?post=8790"},{"taxonomy":"product_tag","embeddable":true,"href":"https:\/\/ykhoathongminh.com\/en\/wp-json\/wp\/v2\/product_tag?post=8790"}],"curies":[{"name":"wp","href":"https:\/\/api.w.org\/{rel}","templated":true}]}}