{"id":884,"date":"2024-07-22T15:03:17","date_gmt":"2024-07-22T15:03:17","guid":{"rendered":"https:\/\/ykhoathongminh.com\/?post_type=product&#038;p=884"},"modified":"2024-09-12T08:50:52","modified_gmt":"2024-09-12T08:50:52","slug":"vo-y-khoa-suy-gian-tinh-mach-jobst-ultrasheer-toi-dui","status":"publish","type":"product","link":"https:\/\/ykhoathongminh.com\/en\/product\/vo-y-khoa-suy-gian-tinh-mach-jobst-ultrasheer-toi-dui\/","title":{"rendered":"V\u1eda Y KHOA SUY GI\u00c3N T\u0128NH M\u1ea0CH JOBST ULTRASHEER T\u1edaI \u0110\u00d9I"},"content":{"rendered":"<p>V\u1edb y khoa suy gi\u00e3n t\u0129nh m\u1ea1ch JOBST UltraSheer t\u1edbi \u0111\u00f9i \u0111\u01b0\u1ee3c nh\u1eadp kh\u1ea9u tr\u1ef1c ti\u1ebfp t\u1eeb M\u1ef9, hi\u1ec7u qu\u1ea3 cao trong \u0111i\u1ec1u tr\u1ecb suy t\u0129nh m\u1ea1ch \u2013 d\u00e3n t\u0129nh m\u1ea1ch v\u1edbi chu\u1ea9n \u00e1p l\u1ef1c 20-30mmHg.<\/p>\n<ul>\n<li>S\u1ee3i v\u1ea3i si\u00eau m\u1ecfng, m\u1ec1m m\u1ea1i v\u00e0 tho\u00e1ng kh\u00ed<\/li>\n<li>Gi\u1ea3m ng\u1ee9a v\u00e0\u00a0k\u00edch \u1ee9ng da<\/li>\n<li>\u0110\u1ed9 b\u1ec1n tr\u00ean 6 th\u00e1ng<\/li>\n<li>Ch\u1ee9ng nh\u1eadn FDA<\/li>\n<\/ul>\n<p>JOBST \u0111\u00e3 \u0111\u01b0\u1ee3c \u0111\u01b0a v\u00e0o \u0111i\u1ec1u tr\u1ecb t\u1ea1i h\u01a1n 60 B\u1ec7nh vi\u1ec7n, Trung t\u00e2m y khoa tr\u00ean to\u00e0n qu\u1ed1c: BV Ch\u1ee3 R\u1eaby, BV B\u00ecnh D\u00e2n, BV Nguy\u1ec5n Tr\u00e3i, BV 115, BV \u0110\u1ea1i h\u1ecdc y d\u01b0\u1ee3c, BV Nh\u00e2n d\u00e2n Gia \u0110\u1ecbnh, TTYK Medic H\u00f2a H\u1ea3o, \u2026. v\u00e0 \u0111\u01b0\u1ee3c c\u00e1c B\u00e1c s\u1ef9 \u0111\u00e1nh gi\u00e1 cao trong \u0111i\u1ec1u tr\u1ecb suy t\u0129nh m\u1ea1ch \u2013 d\u00e3n t\u0129nh m\u1ea1ch.<\/p>\n<p><strong>TH\u00d4NG TIN S\u1ea2N PH\u1ea8M<\/strong><\/p>\n<p>Ch\u1ec9 \u0111\u1ecbnh \u0111i\u1ec1u tr\u1ecb: D\u00e3n t\u0129nh m\u1ea1ch, \u0111au ch\u00e2n, n\u1eb7ng ch\u00e2n, m\u1ecfi ch\u00e2n, d\u00e3n t\u0129nh m\u1ea1ch trung b\u00ecnh t\u1edbi n\u1eb7ng, d\u00e3n t\u0129nh m\u1ea1ch trong thai k\u1ef3. Ch\u1ec9 \u0111\u1ecbnh kh\u00e1c: Suy t\u0129nh m\u1ea1ch m\u00e3n t\u00ednh, sau ph\u1eabu thu\u1eadt t\u0129nh m\u1ea1ch, sau \u0111i\u1ec1u tr\u1ecb x\u01a1 h\u00f3a, khuynh h\u01b0\u1edbng ph\u00f9 trung b\u00ecnh, vi\u00eam huy\u1ebft kh\u1ed1i t\u0129nh m\u1ea1ch n\u00f4ng, ph\u00f2ng ng\u1eeba lo\u00e9t t\u00e1i ph\u00e1t. Ch\u1ed1ng ch\u1ec9 \u0111\u1ecbnh: Thi\u1ebfu m\u00e1u (v\u00ed d\u1ee5: b\u1ec7nh \u0111\u1ed9ng m\u1ea1ch ti\u1ebfn tri\u1ec3n), suy tim sung huy\u1ebft ch\u01b0a ki\u1ec3m so\u00e1t, vi\u00eam nhi\u1ec3m t\u0129nh m\u1ea1ch ch\u01b0a \u0111i\u1ec1u tr\u1ecb, vi\u00eam t\u0129nh m\u1ea1ch xanh \u0111au. T\u0103ng huy\u1ebft \u00e1p thai k\u1ef3.<\/p>\n<p>Tham kh\u1ea3o \u00fd ki\u1ebfn B\u00e1c s\u1ef9 trong c\u00e1c tr\u01b0\u1eddng h\u1ee3p: Mang v\u1edb y\u00a0khoa c\u00f3 t\u00ednh ch\u1ea5t ph\u00f2ng ng\u1eeba trong thai k\u1ef3. Nhi\u1ec3m tr\u00f9ng da, b\u1ec7nh da li\u1ec5u, d\u1ecb \u1ee9ng th\u00e0nh ph\u1ea7n v\u1ea3i, m\u1ea5t nh\u1ea1y c\u1ea3m \u1edf\u00a0chi, b\u1ec7nh nh\u00e2n n\u1eb1m b\u1ea5t \u0111\u1ed9ng th\u1eddi gian d\u00e0i.<\/p>","protected":false},"excerpt":{"rendered":"<p><strong>Ch\u1ee9ng nh\u1eadn\u00a0<\/strong>: FDA<\/p>\n<p><strong>Size v\u1edb<\/strong>: S,M,L,XL<\/p>\n<p><strong>Quy c\u00e1ch<\/strong>: H\u1ed9p 1 \u0111\u00f4i<\/p>\n<p><strong>N\u01b0\u1edbc s\u1ea3n xu\u1ea5t<\/strong>: M\u1ef9<\/p>","protected":false},"featured_media":6101,"comment_status":"open","ping_status":"closed","template":"","meta":{"_acf_changed":false,"rank_math_lock_modified_date":false},"product_cat":[37,409,411],"product_tag":[],"class_list":{"0":"post-884","1":"product","2":"type-product","3":"status-publish","4":"has-post-thumbnail","6":"product_cat-cham-soc-benh-gian-tinh-mach","7":"product_cat-vo-gian-tinh-mach","8":"product_cat-vo-suy-gian-tinh-mach-dui","10":"first","11":"instock","12":"shipping-taxable","13":"purchasable","14":"product-type-variable"},"acf":[],"_links":{"self":[{"href":"https:\/\/ykhoathongminh.com\/en\/wp-json\/wp\/v2\/product\/884"}],"collection":[{"href":"https:\/\/ykhoathongminh.com\/en\/wp-json\/wp\/v2\/product"}],"about":[{"href":"https:\/\/ykhoathongminh.com\/en\/wp-json\/wp\/v2\/types\/product"}],"replies":[{"embeddable":true,"href":"https:\/\/ykhoathongminh.com\/en\/wp-json\/wp\/v2\/comments?post=884"}],"wp:featuredmedia":[{"embeddable":true,"href":"https:\/\/ykhoathongminh.com\/en\/wp-json\/wp\/v2\/media\/6101"}],"wp:attachment":[{"href":"https:\/\/ykhoathongminh.com\/en\/wp-json\/wp\/v2\/media?parent=884"}],"wp:term":[{"taxonomy":"product_cat","embeddable":true,"href":"https:\/\/ykhoathongminh.com\/en\/wp-json\/wp\/v2\/product_cat?post=884"},{"taxonomy":"product_tag","embeddable":true,"href":"https:\/\/ykhoathongminh.com\/en\/wp-json\/wp\/v2\/product_tag?post=884"}],"curies":[{"name":"wp","href":"https:\/\/api.w.org\/{rel}","templated":true}]}}