{"id":891,"date":"2024-07-22T15:03:18","date_gmt":"2024-07-22T15:03:18","guid":{"rendered":"https:\/\/ykhoathongminh.com\/?post_type=product&#038;p=891"},"modified":"2025-04-23T07:03:50","modified_gmt":"2025-04-23T07:03:50","slug":"vo-suy-gian-tinh-mach-got-chan-jiani-compression-therapy","status":"publish","type":"product","link":"https:\/\/ykhoathongminh.com\/en\/product\/vo-suy-gian-tinh-mach-got-chan-jiani-compression-therapy\/","title":{"rendered":"V\u1eda SUY GI\u00c3N T\u0128NH M\u1ea0CH G\u00d3T CH\u00c2N JIANI COMPRESSION THERAPY"},"content":{"rendered":"<p>V\u1edb suy gi\u00e3n t\u0129nh m\u1ea1ch g\u00f3t ch\u00e2n Jiani \u0111\u01b0\u1ee3c C\u01a1 quan Qu\u1ea3n l\u00fd thu\u1ed1c v\u00e0 d\u01b0\u1ee3c ph\u1ea9m c\u1ee7a Jiami ( \u00dd ) c\u1ea5p gi\u1ea5y ch\u1ee9ng nh\u1eadn \u0111\u1ea1t ti\u00eau chu\u1ea9n ch\u1ea5t l\u01b0\u1ee3ng. V\u1edb c\u00f3 t\u00e1c d\u1ee5ng l\u00e0m gi\u1ea3m \u0111\u01b0\u1eddng k\u00ednh c\u00e1c t\u0129nh m\u1ea1ch, kh\u00e9p c\u00e1c van t\u0129nh m\u1ea1ch ng\u0103n m\u00e1u ch\u1ea3y ng\u01b0\u1ee3c xu\u1ed1ng ph\u1ea7n th\u1ea5p c\u1ee7a ch\u00e2n l\u00e0m gi\u1ea3m hi\u1ec7n t\u01b0\u1ee3ng n\u1ed5i g\u00e2n xanh \u1edf ch\u00e2n, n\u1eb7ng ch\u00e2n, s\u01b0ng ph\u00f9.<\/p>\n<p>S\u1ea3n ph\u1ea9m gi\u00fap ph\u1ee5c h\u1ed3i ch\u00eanh l\u1ec7ch \u00e1p su\u1ea5t trong h\u1ec7 t\u0129nh m\u1ea1ch l\u00e0m t\u0103ng t\u1ed1c \u0111\u1ed9 d\u00f2ng m\u00e1u ch\u1ea3y v\u1ec1 tim, ph\u00f2ng ng\u1eeba s\u1ef1 h\u00ecnh th\u00e0nh huy\u1ebft kh\u1ed1i t\u0129nh m\u1ea1ch, gi\u1ea3m tri\u1ec7u ch\u1ee9ng v\u00e0 \u0111i\u1ec1u tr\u1ecb suy t\u0129nh m\u1ea1ch. S\u1ea3n ph\u1ea9m \u1ee9ng d\u1ee5ng c\u00f4ng ngh\u1ec7 Sanitized\u00ae ch\u1ed1ng khu\u1ea9n, n\u1ea5m m\u1ed1c,ng\u0103n s\u1ef1 ph\u00e1t tri\u1ec3n m\u00f9i h\u00f4i, gi\u00fap b\u1ea1n t\u01b0\u01a1i m\u00e1t su\u1ed1t c\u1ea3 ng\u00e0y v\u00e0 kh\u00f4ng lo d\u1ecb \u1ee9ng.<\/p>\n<p>H\u00e3ng s\u1ea3n xu\u1ea5t: Jiani<\/p>\n<p>Th\u01b0\u01a1ng hi\u1ec7u: \u0110\u00e0i Loan<\/p>\n<h2>\u0110\u1eb7c \u0111i\u1ec3m S\u1ea2N PH\u1ea8M<\/h2>\n<p>V\u1edbi s\u1ee3i Lycra gi\u1eef \u0111\u1ed9 \u0111\u00e0n h\u1ed3i v\u01b0\u1ee3t tr\u1ed9i.<\/p>\n<p>Thi\u1ebft k\u1ebf li\u1ec1n m\u1ea1ch cung c\u1ea5p tho\u1ea3i m\u00e1i h\u01a1n.<\/p>\n<p>\u0110i\u1ec1u ch\u1ec9nh \u00e1p l\u1ef1c h\u1ed7 tr\u1ee3 t\u0103ng c\u01b0\u1eddng l\u01b0u th\u00f4ng m\u00e1u.<\/p>\n<p>Gi\u1ea3m s\u01b0ng v\u00e0 h\u1ed7 tr\u1ee3 kh\u1edbp m\u1eaft c\u00e1 ch\u00e2n.<\/p>\n<p>D\u1ec5 d\u00e0ng m\u1eb7c v\u00e0 c\u1edfi cho c\u1ea3 nam v\u00e0 n\u1eef.<\/p>\n<p>75% Polyamide 25% Lycra<\/p>","protected":false},"excerpt":{"rendered":"<p><strong>Size v\u1edb<\/strong>: S,M,L,XL,XXL<\/p>\n<p><strong>Quy c\u00e1ch<\/strong>: H\u1ed9p 1 chi\u1ebfc<\/p>\n<p><strong>N\u01b0\u1edbc s\u1ea3n xu\u1ea5t<\/strong>: \u0110\u00e0i Loan<\/p>","protected":false},"featured_media":6157,"comment_status":"open","ping_status":"closed","template":"","meta":{"_acf_changed":false,"rank_math_lock_modified_date":false},"product_cat":[37,409,413],"product_tag":[],"class_list":{"0":"post-891","1":"product","2":"type-product","3":"status-publish","4":"has-post-thumbnail","6":"product_cat-cham-soc-benh-gian-tinh-mach","7":"product_cat-vo-gian-tinh-mach","8":"product_cat-vo-suy-gian-tinh-mach-got-chan","10":"first","11":"instock","12":"shipping-taxable","13":"purchasable","14":"product-type-variable"},"acf":[],"_links":{"self":[{"href":"https:\/\/ykhoathongminh.com\/en\/wp-json\/wp\/v2\/product\/891"}],"collection":[{"href":"https:\/\/ykhoathongminh.com\/en\/wp-json\/wp\/v2\/product"}],"about":[{"href":"https:\/\/ykhoathongminh.com\/en\/wp-json\/wp\/v2\/types\/product"}],"replies":[{"embeddable":true,"href":"https:\/\/ykhoathongminh.com\/en\/wp-json\/wp\/v2\/comments?post=891"}],"wp:featuredmedia":[{"embeddable":true,"href":"https:\/\/ykhoathongminh.com\/en\/wp-json\/wp\/v2\/media\/6157"}],"wp:attachment":[{"href":"https:\/\/ykhoathongminh.com\/en\/wp-json\/wp\/v2\/media?parent=891"}],"wp:term":[{"taxonomy":"product_cat","embeddable":true,"href":"https:\/\/ykhoathongminh.com\/en\/wp-json\/wp\/v2\/product_cat?post=891"},{"taxonomy":"product_tag","embeddable":true,"href":"https:\/\/ykhoathongminh.com\/en\/wp-json\/wp\/v2\/product_tag?post=891"}],"curies":[{"name":"wp","href":"https:\/\/api.w.org\/{rel}","templated":true}]}}