{"id":9100,"date":"2025-10-01T08:52:55","date_gmt":"2025-10-01T08:52:55","guid":{"rendered":"https:\/\/ykhoathongminh.com\/?post_type=product&#038;p=9100"},"modified":"2025-10-01T08:52:55","modified_gmt":"2025-10-01T08:52:55","slug":"kim-lay-mau-blood-lancet-pt-dep","status":"publish","type":"product","link":"https:\/\/ykhoathongminh.com\/en\/product\/kim-lay-mau-blood-lancet-pt-dep\/","title":{"rendered":"Kim l\u1ea5y m\u00e1u Blood Lancet PT (d\u1eb9p)"},"content":{"rendered":"<p>D\u00f9ng \u0111\u1ec3 l\u1ea5y m\u00e1u \u0111o \u0111\u01b0\u1eddng huy\u1ebft, s\u1eed d\u1ee5ng b\u00fat l\u1ea5y m\u00e1u Accu-Chek Softclix.<br \/>\n<strong>Quy c\u00e1ch<\/strong>: H\u1ed9p 100 c\u00e1i<\/p>","protected":false},"excerpt":{"rendered":"<p>D\u00f9ng \u0111\u1ec3 l\u1ea5y m\u00e1u \u0111o \u0111\u01b0\u1eddng huy\u1ebft, s\u1eed d\u1ee5ng b\u00fat l\u1ea5y m\u00e1u Accu-Chek Softclix.<br \/>\n<strong>Quy c\u00e1ch<\/strong>: H\u1ed9p 100 c\u00e1i<\/p>","protected":false},"featured_media":9101,"comment_status":"open","ping_status":"closed","template":"","meta":{"_acf_changed":false,"rank_math_lock_modified_date":false},"product_cat":[25,48],"product_tag":[],"class_list":{"0":"post-9100","1":"product","2":"type-product","3":"status-publish","4":"has-post-thumbnail","6":"product_cat-cham-soc-nguoi-benh-tieu-duong","7":"product_cat-phu-kien-may-tieu-duong","9":"first","10":"instock","11":"shipping-taxable","12":"purchasable","13":"product-type-simple"},"acf":[],"_links":{"self":[{"href":"https:\/\/ykhoathongminh.com\/en\/wp-json\/wp\/v2\/product\/9100"}],"collection":[{"href":"https:\/\/ykhoathongminh.com\/en\/wp-json\/wp\/v2\/product"}],"about":[{"href":"https:\/\/ykhoathongminh.com\/en\/wp-json\/wp\/v2\/types\/product"}],"replies":[{"embeddable":true,"href":"https:\/\/ykhoathongminh.com\/en\/wp-json\/wp\/v2\/comments?post=9100"}],"wp:featuredmedia":[{"embeddable":true,"href":"https:\/\/ykhoathongminh.com\/en\/wp-json\/wp\/v2\/media\/9101"}],"wp:attachment":[{"href":"https:\/\/ykhoathongminh.com\/en\/wp-json\/wp\/v2\/media?parent=9100"}],"wp:term":[{"taxonomy":"product_cat","embeddable":true,"href":"https:\/\/ykhoathongminh.com\/en\/wp-json\/wp\/v2\/product_cat?post=9100"},{"taxonomy":"product_tag","embeddable":true,"href":"https:\/\/ykhoathongminh.com\/en\/wp-json\/wp\/v2\/product_tag?post=9100"}],"curies":[{"name":"wp","href":"https:\/\/api.w.org\/{rel}","templated":true}]}}