{"id":917,"date":"2024-07-22T15:03:41","date_gmt":"2024-07-22T15:03:41","guid":{"rendered":"https:\/\/ykhoathongminh.com\/?post_type=product&#038;p=917"},"modified":"2024-09-24T01:40:35","modified_gmt":"2024-09-24T01:40:35","slug":"dai-keo-gian-cot-song-co-gbm-006-jqah3","status":"publish","type":"product","link":"https:\/\/ykhoathongminh.com\/en\/product\/dai-keo-gian-cot-song-co-gbm-006-jqah3\/","title":{"rendered":"\u0110AI K\u00c9O GI\u00c3N C\u1ed8T S\u1ed0NG C\u1ed4 GBM &#8211; 006 (JQAH3)"},"content":{"rendered":"<h2><strong>T\u00cdNH N\u0102NG \u2013\u00a0T\u00c1C D\u1ee4NG \u2013 \u01afU \u0110I\u1ec2M \u2013\u00a0NH\u01af\u1ee2C \u0110I\u1ec2M C\u1ee6A \u0110AI K\u00c9O GI\u00c3N C\u1ed8T S\u1ed0NG C\u1ed4 GBM-006<\/strong><\/h2>\n<p>\u2013\u00a0\u0110ai k\u00e9o gi\u00e3n c\u1ed9t s\u1ed1ng c\u1ed5 b\u1eb1ng h\u01a1i. K\u00fd hi\u1ec7u GBM-006. Th\u01b0\u01a1ng hi\u1ec7u Gia B\u1ea3o Minh, Nh\u00e0 s\u1ea3n xu\u1ea5t Alphay. \u0110\u00e2y l\u00e0 s\u1ea3n ph\u1ea9m ch\u1ea5t l\u01b0\u1ee3ng cao, tr\u1ecb b\u1ec7nh hi\u1ec7u qu\u1ea3, \u0111\u1ea1t ti\u00eau chu\u1ea9n xu\u1ea5t v\u00e0o th\u1ecb tr\u01b0\u1eddng Ch\u00e2u \u00c2u.\u00a0<strong>C\u00f4ng ty ch\u00fang t\u00f4i b\u1ea3o h\u00e0nh s\u1ea3n ph\u1ea9m 01 n\u0103m l\u1ed7i \u0111\u1ed5i m\u1edbi. \u00a0<\/strong><\/p>\n<p>\u2013 \u0110ai h\u01a1i k\u00e9o gi\u00e3n c\u1ed9t s\u1ed1ng c\u1ed5 GBM-006\u00a0<strong>d\u00f9ng cho<\/strong>\u00a0nh\u1eefng ng\u01b0\u1eddi b\u1ecb tho\u00e1i ho\u00e1 c\u1ed9t s\u1ed1ng c\u1ed5, tho\u00e1t v\u1ecb \u0111\u0129a \u0111\u1ec7m c\u1ed9t s\u1ed1ng c\u1ed5, g\u00e2y ra \u0111au m\u1ecfi c\u1ed5, \u0111au \u0111\u1ea7u, thi\u1ebfu m\u00e1u l\u00ean n\u00e3o, \u0111au nh\u1ee9c v\u00f9ng vai, c\u00e1nh tay.<\/p>\n<p>\u2013 \u0110ai \u0111\u01b0\u1ee3c thi\u1ebft k\u1ebf \u0111\u1ec3\u00a0<strong>c\u1ed1 \u0111\u1ecbnh v\u00f9ng c\u1ed5<\/strong>, sau \u0111\u00f3 m\u1edbi d\u00f9ng h\u01a1i \u0111\u1ec3 k\u00e9o gi\u00e3n c\u1ed9t s\u1ed1ng c\u1ed5. Do \u0111\u00f3, an to\u00e0n tuy\u1ec7t \u0111\u1ed1i cho ng\u01b0\u1eddi s\u1eed d\u1ee5ng. C\u00f3 th\u1ec3 s\u1eed d\u1ee5ng t\u1ea1i nh\u00e0 v\u00e0 b\u1ea5t c\u1ee9 khi n\u00e0o b\u1ea1n c\u1ea7n \u0111\u1ebfn.\u00a0<strong>Ch\u00fang ta v\u1eabn c\u00f3 th\u1ec3 l\u00e0m vi\u1ec7c nh\u1eb9 nh\u00e0ng v\u00e0 \u0111i l\u1ea1i b\u00ecnh th\u01b0\u1eddng<\/strong> trong qu\u00e1 tr\u00ecnh \u0111eo \u0111ai. Th\u1eddi gian k\u00e9o gi\u00e3n t\u1eeb 20-30 ph\u00fat cho 01 l\u1ea7n s\u1eed d\u1ee5ng, m\u1ed9t ng\u00e0y c\u00f3 th\u1ec3 d\u00f9ng t\u1eeb 1-3 l\u1ea7n ho\u1eb7c khi xu\u1ea5t hi\u1ec7n c\u01a1n \u0111au.<\/p>\n<p><strong>\u2013 \u0110\u00e2y l\u00e0 chi\u1ebfc \u0111ai c\u00f3 thi\u1ebft k\u1ebf th\u00f4ng minh v\u00e0 \u01b0u vi\u1ec7t nh\u1ea5t hi\u1ec7n nay \u0111\u01b0\u1ee3c th\u1ec3 hi\u1ec7n qua c\u00e1c t\u00ednh n\u0103ng sau:<\/strong><\/p>\n<p><u>Th\u1ee9 nh\u1ea5t:<\/u>\u00a0V\u1ec1 chi\u1ebfc b\u01a1m h\u01a1i:\u00a0\u0110ai k\u00e9o gi\u00e3n c\u1ed9t s\u1ed1ng c\u1ed5\u00a0GBM-006\u00a0D\u00f9ng b\u01a1m \u0111i\u1ec7n t\u1eed thay v\u00ec b\u01a1m c\u01a1 nh\u01b0 c\u00e1c lo\u1ea1i \u0111ai h\u01a1i kh\u00e1c tr\u00ean th\u1ecb tr\u01b0\u1eddng. B\u01a1m \u0111i\u1ec7n t\u1eed c\u00f3 \u0111\u1ed9 b\u1ec1n cao h\u01a1n, thao t\u00e1c k\u1ebft n\u1ed1i b\u01a1m v\u00e0 van h\u01a1i tr\u00ean \u0111ai d\u1ec5 h\u01a1n, khi b\u01a1m ch\u1ec9 c\u1ea7n \u1ea5n n\u00fat c\u1ea3m \u1ee9ng tr\u00ean b\u01a1m. C\u00e1c s\u1ea3n ph\u1ea9m t\u01b0\u01a1ng t\u1ef1 tr\u00ean th\u1ecb tr\u01b0\u1eddng d\u00f9ng lo\u1ea1i b\u01a1m c\u01a1 b\u1eb1ng tay th\u01b0\u1eddng b\u1ecb kh\u00f4 d\u1ea7u, ph\u00e1t sinh ti\u1ebfng k\u00eau sau m\u1ed9t th\u1eddi gian s\u1eed d\u1ee5ng, \u0111\u1ed3ng th\u1eddi kh\u00f3 k\u1ebft n\u1ed1i b\u01a1m khi kh\u00f4ng c\u00f3 ng\u01b0\u1eddi h\u1ed7 tr\u1ee3 \u0111eo \u0111ai.<\/p>\n<p><u>Th\u1ee9 hai:<\/u>\u00a0\u0110ai k\u00e9o gi\u00e3n c\u1ed5 GBM-006\u00a0\u00a0gi\u1eef t\u00fai h\u01a1i v\u00f9ng sau g\u00e1y b\u1eb1ng \u0111ai k\u00e9o c\u00f3 n\u00fam xoay\u00a0c\u01a1 n\u00ean l\u1ef1c k\u00e9o l\u1edbn, do \u0111\u00f3 t\u00fai h\u01a1i \u0111\u01b0\u1ee3c k\u00e9o \u00f4m s\u00e1t v\u00e0o v\u00f9ng sau g\u00e1y, khi b\u01a1m h\u01a1i l\u1ef1c k\u00e9o sinh ra l\u1edbn, l\u00e0m cho c\u1ed9t s\u1ed1ng c\u1ed5 \u0111\u01b0\u1ee3c\u00a0k\u00e9o gi\u00e3n hi\u1ec7u qu\u1ea3 h\u01a1n. C\u00e1c s\u1ea3n ph\u1ea9m t\u01b0\u01a1ng t\u1ef1 tr\u00ean th\u1ecb tr\u01b0\u1eddng th\u00ec thi\u1ebft k\u1ebf d\u00f9ng tay \u0111\u1ec3 k\u00e9o t\u00fai h\u01a1i v\u00e0 d\u00e1n v\u00e0o khung, l\u1ef1c k\u00e9o c\u1ee7a tay s\u1ebd kh\u00f4ng \u0111\u1ee7 m\u1ea1nh \u0111\u1ec3 t\u00fai h\u01a1i \u00f4m ch\u1eb7t v\u00f9ng c\u1ed5 ph\u00eda sau g\u00e1y, d\u1eabn \u0111\u1ebfn khi b\u01a1m h\u01a1i l\u1ef1c k\u00e9o c\u1ed9t s\u1ed1ng c\u1ed5 sinh ra y\u1ebfu h\u01a1n.<\/p>\n<p><u>Th\u1ee9 ba:<\/u>\u00a0Khung \u0111\u1ecbnh h\u00ecnh ph\u00eda tr\u01b0\u1edbc c\u1ed5:\u00a0 \u0110\u00e2y l\u00e0 m\u1ed9t b\u1ed9 ph\u1eadn r\u1ea5t quan tr\u1ecdng\u00a0quy\u1ebft \u0111\u1ecbnh \u0111\u1ebfn \u0111\u1ed9 m\u1ea1nh l\u1ef1c k\u00e9o c\u1ed9t s\u1ed1ng. \u0110ai k\u00e9o gi\u00e3n c\u1ed9t s\u1ed1ng c\u1ed5 GBM-006\u00a0c\u00f3 khung ph\u00eda tr\u01b0\u1edbc \u0111\u01b0\u1ee3c thi\u1ebft k\u1ebf linh ho\u1ea1t c\u00f3 th\u1ec3 t\u0103ng, gi\u1ea3m chi\u1ec1u cao c\u1ee7a khung cho ph\u00f9 h\u1ee3p v\u1edbi chi\u1ec1u d\u00e0i c\u1ed5, b\u1eb1ng hai n\u00fam xoay c\u01a1 b\u00ean ph\u1ea3i v\u00e0 b\u00ean tr\u00e1i c\u1ed5, khi ch\u00fang ta xoay n\u00fam \u0111\u1ec3 t\u0103ng chi\u1ec1u cao cho khung, n\u00f3 c\u00f3 t\u00e1c d\u1ee5ng c\u1ed1 \u0111\u1ecbnh ph\u1ea7n x\u01b0\u01a1ng h\u00e0m v\u00e0 \u0111\u1ea9y c\u1eb1m, ng\u1eeda c\u1ed5 ra ph\u00eda sau.\u00a0Khi t\u00fai h\u01a1i ph\u00eda sau \u0111\u00e3 \u0111\u01b0\u1ee3c \u00f4m ch\u1eb7t c\u1ed9t s\u1ed1ng c\u1ed5, khung \u0111\u1ee1 ph\u00eda tr\u01b0\u1edbc \u0111\u00e3 \u0111\u1ea9y ng\u1eeda c\u1ed5 ra ph\u00eda sau. L\u00fac \u0111\u00f3 ch\u00fang ti\u1ebfn h\u00e0nh b\u01a1m h\u01a1i v\u00e0o t\u00fai h\u01a1i ph\u00eda sau. Khi h\u01a1i v\u00e0o \u0111\u1ebfn \u0111\u00e2u ch\u00fang ta s\u1ebd c\u1ea3m nh\u1eadn th\u1ea5y r\u1ea5t r\u00f5 r\u00e0ng c\u1ed9t s\u1ed1ng c\u1ed5 \u0111\u01b0\u1ee3c k\u00e9o l\u00ean t\u1edbi \u0111\u00f3 v\u1edbi l\u1ef1c k\u00e9o l\u1edbn h\u01a1n c\u00e1c s\u1ea3n ph\u1ea9m c\u00f9ng lo\u1ea1i, ch\u00fang ta s\u1ebd t\u1ef1 c\u1ea3m nh\u1eadn \u0111\u1ec3 \u0111i\u1ec1u ch\u1ec9nh m\u1ee9c h\u01a1i b\u01a1m v\u00e0o t\u00fai h\u01a1i cho ph\u00f9 h\u1ee3p v\u1edbi t\u00ecnh tr\u1ea1ng b\u1ec7nh c\u1ee7a m\u00ecnh.<\/p>\n<p><u>Th\u1ee9 t\u01b0:<\/u>\u00a0\u0110\u1ed9 b\u1ec1n c\u1ee7a s\u1ea3n ph\u1ea9m: C\u00e1c lo\u1ea1i \u0111ai h\u01a1i k\u00e9m ch\u1ea5t l\u01b0\u1ee3ng th\u00ec sau v\u00e0i th\u00e1ng s\u1eed d\u1ee5ng ph\u1ea7n da c\u1ee7a t\u00fai h\u01a1i s\u1ebd xu\u1ea5t hi\u1ec7n c\u00e1c v\u1ebft d\u1ea1n g\u00e2y n\u1ed5, b\u1ee5c t\u00fai h\u01a1i. N\u1ebfu \u0111ai h\u01a1i t\u1ed1t th\u00ec ch\u00fang ta c\u00f3 th\u1ec3 s\u1eed d\u1ee5ng nhi\u1ec1u n\u0103m m\u00e0 kh\u00f4ng b\u1ecb h\u1ecfng t\u00fai h\u01a1i.<\/p>","protected":false},"excerpt":{"rendered":"<p>\u0110ai k\u00e9o gi\u00e3n c\u1ed9t s\u1ed1ng c\u1ed5 JQAH-3 l\u00e0 m\u1ed9t thi\u1ebft b\u1ecb ch\u1ec9nh h\u00ecnh, \u0111\u01b0\u1ee3c c\u00e1c b\u00e1c s\u1ef9 ch\u1ec9 \u0111\u1ecbnh trong tr\u01b0\u1eddng h\u1ee3p c\u1ea7n ch\u1eefa, ch\u00ecnh h\u00ecnh \u0111\u1ed1t s\u1ed1ng c\u1ed5 trong \u0111i\u1ec1u tr\u1ecb c\u00e1c b\u1ec7nh tho\u00e1i h\u00f3a \u0111\u1ed1t s\u1ed1ng c\u1ed5, tho\u00e1t v\u1ecb \u0111\u1ec7m \u0111\u1ed1t s\u1ed1ng c\u1ed5, l\u1ec7ch \u0111\u1ed1t s\u1ed1ng c\u1ed5 do ch\u1ea5n th\u01b0\u01a1ng ho\u1eb7c ng\u1ed3i sai t\u01b0 th\u1ebf, \u00edt v\u1eadn \u0111\u1ed9ng, tho\u00e1i h\u00f3a tu\u1ed5i gi\u00e0. \u0110ai c\u00f3 trang b\u1ecb h\u1ec7 th\u1ed1ng c\u01a1 h\u1ecdc k\u00e8m theo h\u1ec7 th\u1ed1ng \u0111\u1ec7m h\u01a1i gi\u00fap ch\u1ec9nh v\u00e0 k\u00e9o gi\u00e3n hi\u1ec7u qu\u1ea3 \u0111\u1ed1t s\u1ed1ng c\u1ed5. \u0110\u00e2y l\u00e0 model cao c\u1ea5p h\u01a1n model JQAH-3. S\u1ea3n ph\u1ea9m gi\u00fap gi\u1ea3m \u00e1p l\u1ef1c cho \u0111\u1ed1t s\u1ed1ng c\u1ed5, gi\u00e3n c\u01a1 v\u00e0 c\u00e1c d\u00e2y ch\u1eb1ng xung quanh \u0111\u1ed1t s\u1ed1ng c\u1ed5.<\/p>","protected":false},"featured_media":6196,"comment_status":"open","ping_status":"closed","template":"","meta":{"_acf_changed":false,"rank_math_lock_modified_date":false},"product_cat":[256,121,1194,118,1189],"product_tag":[],"class_list":{"0":"post-917","1":"product","2":"type-product","3":"status-publish","4":"has-post-thumbnail","6":"product_cat-dung-cu-tap-chi-tren","7":"product_cat-dung-cu-tap-luyen","8":"product_cat-may-keo-dan-cot-song","9":"product_cat-phuc-hoi-chuc-nang","10":"product_cat-thiet-bi-vat-ly-tri-lieu","12":"first","13":"instock","14":"shipping-taxable","15":"purchasable","16":"product-type-simple"},"acf":[],"_links":{"self":[{"href":"https:\/\/ykhoathongminh.com\/en\/wp-json\/wp\/v2\/product\/917"}],"collection":[{"href":"https:\/\/ykhoathongminh.com\/en\/wp-json\/wp\/v2\/product"}],"about":[{"href":"https:\/\/ykhoathongminh.com\/en\/wp-json\/wp\/v2\/types\/product"}],"replies":[{"embeddable":true,"href":"https:\/\/ykhoathongminh.com\/en\/wp-json\/wp\/v2\/comments?post=917"}],"wp:featuredmedia":[{"embeddable":true,"href":"https:\/\/ykhoathongminh.com\/en\/wp-json\/wp\/v2\/media\/6196"}],"wp:attachment":[{"href":"https:\/\/ykhoathongminh.com\/en\/wp-json\/wp\/v2\/media?parent=917"}],"wp:term":[{"taxonomy":"product_cat","embeddable":true,"href":"https:\/\/ykhoathongminh.com\/en\/wp-json\/wp\/v2\/product_cat?post=917"},{"taxonomy":"product_tag","embeddable":true,"href":"https:\/\/ykhoathongminh.com\/en\/wp-json\/wp\/v2\/product_tag?post=917"}],"curies":[{"name":"wp","href":"https:\/\/api.w.org\/{rel}","templated":true}]}}