{"id":927,"date":"2024-07-22T15:04:03","date_gmt":"2024-07-22T15:04:03","guid":{"rendered":"https:\/\/ykhoathongminh.com\/?post_type=product&#038;p=927"},"modified":"2024-12-05T01:16:37","modified_gmt":"2024-12-05T01:16:37","slug":"bo-may-tap-tay-rung-hong-ngoai-kooeej","status":"publish","type":"product","link":"https:\/\/ykhoathongminh.com\/en\/product\/bo-may-tap-tay-rung-hong-ngoai-kooeej\/","title":{"rendered":"B\u1ed8 M\u00c1Y T\u1eacP TAY RUNG H\u1ed2NG NGO\u1ea0I KOOEEJ"},"content":{"rendered":"<p><span style=\"font-size: 18pt;\"><strong>T\u00cdNH N\u0102NG V\u00c0 TH\u00d4NG TIN CHI TI\u1ebeT C\u1ee6A S\u1ea2N PH\u1ea8M :<br \/>\n<\/strong><\/span><br \/>\n<strong>\u0110\u1ed1i t\u01b0\u1ee3ng s\u1eed d\u1ee5ng : <\/strong><br \/>\n&#8211; Ng\u01b0\u1eddi b\u1ec7nh sau ph\u1eabu thu\u1eadt v\u00f9ng b\u00e0n tay<br \/>\n&#8211; Ng\u01b0\u1eddi b\u1ec7nh b\u1ecb y\u1ebfu, li\u1ec7t chi tr\u00ean sau tai bi\u1ebfn m\u1ea1ch m\u00e1u n\u00e3o<br \/>\n&#8211; Ng\u01b0\u1eddi b\u1ec7nh b\u1ecb ch\u1ea5n th\u01b0\u01a1ng t\u1ee7y s\u1ed1ng \u0111\u1ec3 l\u1ea1i di ch\u1ee9ng li\u1ec7t chi tr\u00ean<br \/>\n&#8211; Ng\u01b0\u1eddi b\u1ec7nh sau ph\u1eabu thu\u1eadt u n\u00e3o c\u00f3 di ch\u1ee9ng li\u1ec7t chi tr\u00ean<br \/>\n&#8211; B\u1ec7nh nh\u00e2n b\u1ecb bi\u1ebfn ch\u1ee9ng m\u1eabu co c\u1ee9ng chi tr\u00ean<\/p>\n<p><strong>\u00a0M\u00e1y massage rung h\u1ed3ng ngo\u1ea1i: <\/strong><br \/>\n&#8211; C\u01a1 ch\u1ebf ho\u1ea1t \u0111\u1ed9ng<br \/>\n&#8211; Thi\u1ebft b\u1ecb c\u00f3 5 ch\u1ebf \u0111\u1ed9 rung kh\u00e1c nhau<br \/>\n&#8211; V\u1edbi m\u1ed7i ch\u1ebf \u0111\u1ed9 rung l\u1ea1i c\u00f3 6 m\u1ee9c l\u1ef1c kh\u00e1c nhau<br \/>\n&#8211; C\u00f9ng v\u1edbi ch\u1ebf \u0111\u1ed9 chi\u1ebfu \u0111\u00e8n h\u1ed3ng ngo\u1ea1i li\u00ean t\u1ee5c<br \/>\n&#8211; T\u1ea5t c\u1ea3 c\u00e1c ch\u1ebf \u0111\u1ed9 \u0111\u1ec1u \u0111\u01b0\u1ee3c \u0111i\u1ec1u ch\u1ec9nh th\u00f4ng qua b\u1ea3ng \u0111i\u1ec1u khi\u1ec3n t\u1ef1 \u0111\u1ed9ng<\/p>","protected":false},"excerpt":{"rendered":"<p>B\u00f3ng rung t\u1eadp tay ph\u1ee5c h\u1ed3i ch\u1ee9c n\u0103ng cho ng\u01b0\u1eddi tai bi\u1ebfn<\/p>\n<p>&#8211; B\u00f3ng massage rung v\u00e0 h\u1ed3ng ngo\u1ea1i th\u00edch h\u1ee3p cho ng\u01b0\u1eddi tai bi\u1ebfn v\u00e0 sau m\u1ed5 ph\u1eabu thu\u1eadt b\u00e0n ng\u00f3n tay t\u1eadp ph\u1ee5c h\u1ed3i ch\u1ee9c n\u0103ng, c\u00f3 c\u1ea5u t\u1ea1o g\u1ed3m th\u00e2n m\u00e1y \u0111i\u1ec1u khi\u1ec3n qu\u1ea3 b\u00f3ng cao su qua h\u1ec7 th\u1ed1ng \u0111ai \u0111eo ch\u1eafc ch\u1eafn.<\/p>\n<p>&#8211; Massage rung v\u1edbi nhi\u1ec1u ch\u1ebf \u0111\u1ed9 v\u00e0 c\u01b0\u1eddng \u0111\u1ed9 kh\u00e1c nhau<\/p>\n<p>&#8211; T\u00ednh n\u0103ng nhi\u1ec7t h\u1ed3ng ngo\u1ea1i s\u1eed d\u1ee5ng khi th\u1eddi ti\u1ebft l\u1ea1nh gi\u00fap l\u00e0m \u1ea5m b\u00e0n tay v\u00e0 gi\u00fap tu\u1ea7n ho\u00e0n m\u00e1u l\u01b0u th\u00f4ng t\u1ed1t h\u01a1n<\/p>\n<p>&#8211; S\u1eed d\u1ee5ng d\u1ec5 d\u00e0ng,ti\u1ec7n l\u1ee3i v\u00e0 \u0111\u1eb7c bi\u1ec7t hi\u1ec7u qu\u1ea3 cho ph\u1ee5c h\u1ed3i ch\u1ee9c n\u0103ng b\u00e0n ng\u00f3n<\/p>","protected":false},"featured_media":6449,"comment_status":"open","ping_status":"closed","template":"","meta":{"_acf_changed":false,"rank_math_lock_modified_date":false},"product_cat":[256,121,118],"product_tag":[],"class_list":{"0":"post-927","1":"product","2":"type-product","3":"status-publish","4":"has-post-thumbnail","6":"product_cat-dung-cu-tap-chi-tren","7":"product_cat-dung-cu-tap-luyen","8":"product_cat-phuc-hoi-chuc-nang","10":"first","11":"instock","12":"shipping-taxable","13":"purchasable","14":"product-type-simple"},"acf":[],"_links":{"self":[{"href":"https:\/\/ykhoathongminh.com\/en\/wp-json\/wp\/v2\/product\/927"}],"collection":[{"href":"https:\/\/ykhoathongminh.com\/en\/wp-json\/wp\/v2\/product"}],"about":[{"href":"https:\/\/ykhoathongminh.com\/en\/wp-json\/wp\/v2\/types\/product"}],"replies":[{"embeddable":true,"href":"https:\/\/ykhoathongminh.com\/en\/wp-json\/wp\/v2\/comments?post=927"}],"wp:featuredmedia":[{"embeddable":true,"href":"https:\/\/ykhoathongminh.com\/en\/wp-json\/wp\/v2\/media\/6449"}],"wp:attachment":[{"href":"https:\/\/ykhoathongminh.com\/en\/wp-json\/wp\/v2\/media?parent=927"}],"wp:term":[{"taxonomy":"product_cat","embeddable":true,"href":"https:\/\/ykhoathongminh.com\/en\/wp-json\/wp\/v2\/product_cat?post=927"},{"taxonomy":"product_tag","embeddable":true,"href":"https:\/\/ykhoathongminh.com\/en\/wp-json\/wp\/v2\/product_tag?post=927"}],"curies":[{"name":"wp","href":"https:\/\/api.w.org\/{rel}","templated":true}]}}