{"id":929,"date":"2024-07-22T15:04:03","date_gmt":"2024-07-22T15:04:03","guid":{"rendered":"https:\/\/ykhoathongminh.com\/?post_type=product&#038;p=929"},"modified":"2025-04-23T07:03:04","modified_gmt":"2025-04-23T07:03:04","slug":"bong-tay-trang-nakori-20040-vuong-100-cotton","status":"publish","type":"product","link":"https:\/\/ykhoathongminh.com\/en\/product\/bong-tay-trang-nakori-20040-vuong-100-cotton\/","title":{"rendered":"B\u00f4ng t\u1ea9y trang Nakori (200+40) vu\u00f4ng 100% Cotton"},"content":{"rendered":"<p><span style=\"font-size: 14pt;\"><strong>C\u00f4ng d\u1ee5ng:<\/strong> <\/span><\/p>\n<p>D\u00f9ng \u0111\u1ec3 th\u1ea5m dung d\u1ecbch t\u1ea9y trang, n\u01b0\u1edbc hoa h\u1ed3ng, gi\u00fap l\u00e0m s\u1ea1ch l\u1ed7 ch\u00e2n l\u00f4ng.<\/p>\n<p>T\u1ea9y t\u1ebf b\u00e0o ch\u1ebft, lo\u1ea1i b\u1ecf c\u00e1c ch\u1ea5t b\u1ea9n, b\u00e3 nh\u1eddn v\u00e0 l\u1edbp trang \u0111i\u1ec3m l\u00e0m cho da m\u1eb7t s\u1ea1ch s\u1ebd, th\u00f4ng tho\u00e1ng.<\/p>\n<p>D\u00f9ng l\u00e0m m\u1eb7t n\u1ea1 d\u01b0\u1ee1ng \u1ea9m D\u00f9ng lau kh\u00f4 m\u1eb7t sau khi r\u1eeda, thay cho kh\u0103n m\u1eb7t.<\/p>","protected":false},"excerpt":{"rendered":"<p>&#8216;- B\u00f4ng \u0111\u01b0\u1ee3c c\u1ea5u t\u1ea1o t\u1eeb 100% cotton nguy\u00ean ch\u1ea5t, kh\u00f4ng h\u00f3a ch\u1ea5t t\u00e2y tr\u1eafng, c\u1ef1c k\u1ef3 m\u1ec1m m\u1ecbn v\u00e0 an to\u00e0n.<br \/>\n&#8211; Thi\u1ebft k\u1ebf h\u00ecnh b\u00f4ng tr\u00f2n v\u1edbi \u0111\u01b0\u1eddng d\u00e2p c\u1ed1 \u0111\u1ecbnh m\u00e9p, thu\u1eadn ti\u1ec7n cho b\u1ea1n t\u1ea9y trang th\u1eadt d\u1ec5 d\u00e0ng.<br \/>\n&#8211; Mi\u1ebfng b\u00f4ng r\u1ea5t m\u1ec1m, c\u00f3 m\u00e0ng bao ch\u1eafc ch\u1eafn \u0111\u1ec3 s\u1ee3i b\u00f4ng kh\u00f4ng ch\u00eca ra ngo\u00e0i, \u0111\u1ed3ng th\u1eddi gi\u00fap b\u00f4ng dai h\u01a1n, b\u1ec1n h\u01a1n<\/p>","protected":false},"featured_media":6248,"comment_status":"open","ping_status":"closed","template":"","meta":{"_acf_changed":false,"rank_math_lock_modified_date":false},"product_cat":[144,1342,1219,158],"product_tag":[],"class_list":{"0":"post-929","1":"product","2":"type-product","3":"status-publish","4":"has-post-thumbnail","6":"product_cat-bong-y-te","7":"product_cat-cham-soc-ca-nhan","8":"product_cat-san-pham-cham-soc-ca-nhan-khac","9":"product_cat-vat-tu-tieu-hao","11":"first","12":"instock","13":"shipping-taxable","14":"purchasable","15":"product-type-simple"},"acf":[],"_links":{"self":[{"href":"https:\/\/ykhoathongminh.com\/en\/wp-json\/wp\/v2\/product\/929"}],"collection":[{"href":"https:\/\/ykhoathongminh.com\/en\/wp-json\/wp\/v2\/product"}],"about":[{"href":"https:\/\/ykhoathongminh.com\/en\/wp-json\/wp\/v2\/types\/product"}],"replies":[{"embeddable":true,"href":"https:\/\/ykhoathongminh.com\/en\/wp-json\/wp\/v2\/comments?post=929"}],"wp:featuredmedia":[{"embeddable":true,"href":"https:\/\/ykhoathongminh.com\/en\/wp-json\/wp\/v2\/media\/6248"}],"wp:attachment":[{"href":"https:\/\/ykhoathongminh.com\/en\/wp-json\/wp\/v2\/media?parent=929"}],"wp:term":[{"taxonomy":"product_cat","embeddable":true,"href":"https:\/\/ykhoathongminh.com\/en\/wp-json\/wp\/v2\/product_cat?post=929"},{"taxonomy":"product_tag","embeddable":true,"href":"https:\/\/ykhoathongminh.com\/en\/wp-json\/wp\/v2\/product_tag?post=929"}],"curies":[{"name":"wp","href":"https:\/\/api.w.org\/{rel}","templated":true}]}}