{"id":947,"date":"2024-07-22T15:04:04","date_gmt":"2024-07-22T15:04:04","guid":{"rendered":"https:\/\/ykhoathongminh.com\/?post_type=product&#038;p=947"},"modified":"2026-04-14T14:00:23","modified_gmt":"2026-04-14T14:00:23","slug":"gang-tay-y-te-co-bot-vglove","status":"publish","type":"product","link":"https:\/\/ykhoathongminh.com\/en\/product\/gang-tay-y-te-co-bot-vglove\/","title":{"rendered":"G\u0103ng tay y t\u1ebf c\u00f3 b\u1ed9t VGlove"},"content":{"rendered":"<p>G\u0103ng tay cao su\u00a0y t\u1ebf VGloves \u0111\u01b0\u1ee3c ph\u1ee7 b\u1ed9t theo ti\u00eau chu\u1ea9n d\u01b0\u1ee3c ph\u1ea9m c\u1ee7a M\u1ef9, \u0111\u01b0\u1ee3c l\u00e0m ho\u00e0n to\u00e0n t\u1eeb cao su thi\u00ean nhi\u00ean.\u00a0G\u0103ng tay c\u00f3 b\u1ed9t h\u1ed9p m\u00e0u xanh, bao g\u1ed3m 100 g\u0103ng tay, 50 c\u1eb7p g\u0103ng. Cao su g\u0103ng tay d\u1ebbo, dai, ch\u1ecbu \u0111\u01b0\u1ee3c \u00e1p l\u1ef1c c\u00f4ng vi\u1ec7c cao.<\/p>\n<figure id=\"attachment_7267\" aria-describedby=\"caption-attachment-7267\" style=\"width: 540px\" class=\"wp-caption aligncenter\"><img loading=\"lazy\" decoding=\"async\" class=\"size-medium wp-image-7267\" src=\"https:\/\/ykhoathongminh.com\/wp-content\/uploads\/2023\/07\/Gang-tay-y-te-co-bot-Vglove-tai-dong-nai-540x540.jpg\" alt=\"\" width=\"540\" height=\"540\" \/><figcaption id=\"caption-attachment-7267\" class=\"wp-caption-text\">G\u0103ng tay y t\u1ebf c\u00f3 b\u1ed9t VGlove t\u1ea1i \u0110\u1ed3ng Nai<\/figcaption><\/figure>\n<p><strong>G\u0103ng tay y t\u1ebf\u00a0VGlove<\/strong> l\u00e0 lo\u1ea1i g\u0103ng s\u1eed d\u1ee5ng 1 l\u1ea7n, c\u00f3 th\u1ec3 s\u1eed d\u1ee5ng thu\u1eadn c\u1ea3 hai tay n\u00ean r\u1ea5t ti\u1ec7n l\u1ee3i cho vi\u1ec7c l\u1ef1a ch\u1ecdn v\u00e0 s\u1eed d\u1ee5ng. B\u1ed9t trong g\u0103ng tay gi\u00fap d\u1ec5 \u0111eo v\u00e0 th\u00e1o g\u0103ng tay d\u1ec5 d\u00e0ng nh\u01b0ng kh\u00f4ng l\u00e0m k\u00edch \u1ee9ng da tay, t\u1ea1o c\u1ea3m gi\u00e1c tho\u1ea3i m\u00e1i cho ng\u01b0\u1eddi s\u1eed d\u1ee5ng.<\/p>\n<h2 class=\"css-8uyn92\">C\u00f4ng d\u1ee5ng cu\u0309a G\u0103ng tay cao su y t\u1ebf VGlove<\/h2>\n<div>\n<p>G\u0103ng tay cao su kh\u00e1m b\u1ec7nh.<\/p>\n<\/div>","protected":false},"excerpt":{"rendered":"<p><strong>G\u0103ng tay cao su y t\u1ebf\u00a0VGloves<\/strong> th\u00edch h\u1ee3p s\u1eed d\u1ee5ng trong m\u00f4i tr\u01b0\u1eddng y t\u1ebf v\u00e0 trong c\u00f4ng nghi\u1ec7p do c\u00e1c \u0111\u1eb7c t\u00ednh t\u1ed1i \u01b0u v\u1ec1 \u0111\u1ed9 co d\u00e3n v\u00e0 t\u00ednh an to\u00e0n.<\/p>\n<p><strong>Quy c\u00e1ch<\/strong>: 1 h\u1ed9p\/100 chi\u1ebfc<\/p>\n<p><strong>Xu\u1ea5t x\u1ee9<\/strong>: Vi\u1ec7t Nam<\/p>","protected":false},"featured_media":6232,"comment_status":"open","ping_status":"closed","template":"","meta":{"_acf_changed":false,"rank_math_lock_modified_date":false},"product_cat":[897,158,149],"product_tag":[],"class_list":{"0":"post-947","1":"product","2":"type-product","3":"status-publish","4":"has-post-thumbnail","6":"product_cat-gang-tay","7":"product_cat-vat-tu-tieu-hao","8":"product_cat-vat-tu-y-te","10":"first","11":"instock","12":"shipping-taxable","13":"purchasable","14":"product-type-simple"},"acf":[],"_links":{"self":[{"href":"https:\/\/ykhoathongminh.com\/en\/wp-json\/wp\/v2\/product\/947"}],"collection":[{"href":"https:\/\/ykhoathongminh.com\/en\/wp-json\/wp\/v2\/product"}],"about":[{"href":"https:\/\/ykhoathongminh.com\/en\/wp-json\/wp\/v2\/types\/product"}],"replies":[{"embeddable":true,"href":"https:\/\/ykhoathongminh.com\/en\/wp-json\/wp\/v2\/comments?post=947"}],"wp:featuredmedia":[{"embeddable":true,"href":"https:\/\/ykhoathongminh.com\/en\/wp-json\/wp\/v2\/media\/6232"}],"wp:attachment":[{"href":"https:\/\/ykhoathongminh.com\/en\/wp-json\/wp\/v2\/media?parent=947"}],"wp:term":[{"taxonomy":"product_cat","embeddable":true,"href":"https:\/\/ykhoathongminh.com\/en\/wp-json\/wp\/v2\/product_cat?post=947"},{"taxonomy":"product_tag","embeddable":true,"href":"https:\/\/ykhoathongminh.com\/en\/wp-json\/wp\/v2\/product_tag?post=947"}],"curies":[{"name":"wp","href":"https:\/\/api.w.org\/{rel}","templated":true}]}}