{"id":949,"date":"2024-07-22T15:04:04","date_gmt":"2024-07-22T15:04:04","guid":{"rendered":"https:\/\/ykhoathongminh.com\/?post_type=product&#038;p=949"},"modified":"2025-05-22T07:15:35","modified_gmt":"2025-05-22T07:15:35","slug":"kim-truyen-tinh-mach-vinahankook-23g-x-3-4","status":"publish","type":"product","link":"https:\/\/ykhoathongminh.com\/en\/product\/kim-truyen-tinh-mach-vinahankook-23g-x-3-4\/","title":{"rendered":"Kim truy\u1ec1n t\u0129nh m\u1ea1ch Vinahankook 23g x 3\/4"},"content":{"rendered":"<ol>\n<li>\u00a0Ch\u1ea5t li\u1ec7u l\u00e0m d\u00e2y truy\u1ec1n t\u1ec9nh m\u1ea1ch : Nh\u1ef1a PVC<\/li>\n<li>Chi\u1ec1u d\u00e0i d\u00e2y chuy\u1ec1n 300mm<\/li>\n<li>\u00a0C\u00e1c nguy\u00ean li\u1ec7u \u0111\u1ec3 l\u00e0m d\u00e2y truy\u1ec1n ( c\u00e1nh b\u01b0\u1edbm , th\u00e2n kim\u2026) \u0111\u01b0\u1ee3c ph\u00e9p s\u1eed d\u1ee5ng trong y t\u1ebf<\/li>\n<li>\u0110\u1ea3m b\u1ea3o \u0111\u1ed9 trong \u0111\u1ec3 d\u1ec3 d\u00e0ng xem \u0111\u01b0\u1ee3c li\u1ec1u l\u01b0\u1ee3ng , nh\u00ecn th\u1ea5y \u0111\u01b0\u1ee3c dung d\u1ecbch trong d\u00e2y truy\u1ec1n<\/li>\n<li>Kh\u00f4ng c\u00f3 Ch\u1ea5t g\u00e2y s\u1ed1t ( pyrogene ), \u0111\u1ed9c t\u1ed1 trong d\u00e2y truy\u1ec1n<\/li>\n<li>\u00a0V\u1eadt li\u1ec7u k\u1ebft c\u1ea5u kim ti\u00eam: kh\u00f4ng b\u1ecb g\u1eaby, kh\u00f4ng b\u1ecb c\u1eb1n trong \u0111i\u1ec1u ki\u1ec7n s\u1eed d\u1ee5ng b\u00ecnh th\u01b0\u1eddng<\/li>\n<li>\u00a0S\u1ef1 k\u00edn,\u00a0kh\u00edt gi\u1eefa \u0111\u1ed1c kim ti\u00eam v\u00e0 b\u01a1m ti\u00eam: kh\u00f4ng c\u00f3 r\u00f2 r\u1ec9 dung d\u1ecbch ho\u1eb7c b\u00f3ng kh\u00ed t\u1ea1i ch\u1ed7 ti\u1ebfp n\u1ed1i<\/li>\n<li>\u00a0B\u1ec1 m\u1eb7t kim ti\u00eam: Nh\u1eb5n, b\u00f3ng kh\u00f4ng c\u00f3 t\u1ea1p ch\u1ea5t th\u1eeba khi nh\u00ecn b\u1eb1ng m\u1eaft th\u01b0\u1eddng<\/li>\n<li>\u00a0Ch\u1ea5t li\u1ec7u l\u00e0m than kim ti\u00eam: Th\u00e9p kh\u00f4ng r\u1ec9, c\u00f3 \u0111\u1ee7 \u0111\u1ed9 c\u1ee9ng co kh\u00ed v\u00e0 kh\u00f4ng b\u1ecb oxy h\u00f3a<\/li>\n<li>V\u00e1t \u0111\u1ea7u kim: S\u1eafc kh\u00f4ng c\u00f3 g\u1edd v\u00e0 nh\u1eefng l\u1ed7i kh\u00e1c<\/li>\n<li>\u00a0V\u1eadt li\u1ec7u l\u00e0m \u0111\u1ed1c kim: Ch\u1ea5t d\u1ebbo v\u00e0 \u0111\u01b0\u1ee3c nhu\u1ed9m m\u00e0u theo ti\u00eau chu\u1ea9n qu\u1ed1c t\u1ebf<\/li>\n<li>\u00a0B\u1ec1 m\u1eb7t \u0111\u1ed1c kim: Kh\u00f4ng c\u00f3 l\u1ed7i k\u1ef9 thu\u1eadt do nh\u00e0 s\u1ea3n xu\u1ea5t Li\u00ean k\u1ebft gi\u1eef \u0111\u1ed1c kim v\u00e0 than kim trong \u0111i\u1ec1u ki\u1ec7n s\u1eed d\u1ee5ng b\u00ecnh th\u01b0\u1eddng: ch\u1eafc ch\u1eafn, kh\u00f4ng b\u1ecb b\u1ebb g\u1eaby, than kim kh\u00f4ng b\u1ecb tu\u1ed9t kh\u1ecfi \u0111\u1ed1c kim<\/li>\n<\/ol>\n<p>Quy c\u00e1ch \u0111\u00f3ng g\u00f3i:1 kim truy\u1ec1n t\u1ec9nh m\u1ea1ch \/\u00a0\u0111\u01a1n v\u1ecb \u0111\u00f3ng g\u00f3i \u00a0,\u00a0 g\u1ed3m d\u00e2y truy\u1ec1n, kim truy\u1ec1n\u00a0\u00a0\u00a0,n\u1eafp ch\u1ee5p b\u1ea3o v\u1ec7 \u0111\u01b0\u1ee3c h\u00e0ng k\u00edn trong m\u1ed9t \u0111\u01a1n v\u1ecb \u0111\u00f3ng g\u00f3i ( Blister ), sau \u0111\u00f3 s\u1ea3n ph\u1ea9m \u0111\u01b0\u1ee3c x\u1eed l\u00fd ti\u1ec7t tr\u00f9ng b\u1eb1ng kh\u00ed E. O theo quy tr\u00ecnh k\u00edn<\/p>","protected":false},"excerpt":{"rendered":"<p>Kim c\u00e1nh b\u01b0\u1edbm 23G x 3\/4 Vinahankook (Blisster &#8211; Gi\u1ea5y)<\/p>\n<p>Kim ti\u00eam nh\u1ef1a s\u1eed d\u1ee5ng m\u1ed9t l\u1ea7n Vinahankook c\u00e1c c\u1ee1 K\u00edch c\u1ee1 kim: 23G x 3\/4 &#8221;<br \/>\nS\u1ea3n xu\u1ea5t t\u1ea1i: C\u00f4ng ty c\u1ed5 ph\u1ea7n thi\u1ebft b\u1ecb y t\u1ebf VINAHANKOOK \u2013 Vi\u1ec7t Nam<\/p>","protected":false},"featured_media":6231,"comment_status":"open","ping_status":"closed","template":"","meta":{"_acf_changed":false,"rank_math_lock_modified_date":false},"product_cat":[1232,158,149],"product_tag":[],"class_list":{"0":"post-949","1":"product","2":"type-product","3":"status-publish","4":"has-post-thumbnail","6":"product_cat-kim-y-te","7":"product_cat-vat-tu-tieu-hao","8":"product_cat-vat-tu-y-te","10":"first","11":"instock","12":"shipping-taxable","13":"purchasable","14":"product-type-simple"},"acf":[],"_links":{"self":[{"href":"https:\/\/ykhoathongminh.com\/en\/wp-json\/wp\/v2\/product\/949"}],"collection":[{"href":"https:\/\/ykhoathongminh.com\/en\/wp-json\/wp\/v2\/product"}],"about":[{"href":"https:\/\/ykhoathongminh.com\/en\/wp-json\/wp\/v2\/types\/product"}],"replies":[{"embeddable":true,"href":"https:\/\/ykhoathongminh.com\/en\/wp-json\/wp\/v2\/comments?post=949"}],"wp:featuredmedia":[{"embeddable":true,"href":"https:\/\/ykhoathongminh.com\/en\/wp-json\/wp\/v2\/media\/6231"}],"wp:attachment":[{"href":"https:\/\/ykhoathongminh.com\/en\/wp-json\/wp\/v2\/media?parent=949"}],"wp:term":[{"taxonomy":"product_cat","embeddable":true,"href":"https:\/\/ykhoathongminh.com\/en\/wp-json\/wp\/v2\/product_cat?post=949"},{"taxonomy":"product_tag","embeddable":true,"href":"https:\/\/ykhoathongminh.com\/en\/wp-json\/wp\/v2\/product_tag?post=949"}],"curies":[{"name":"wp","href":"https:\/\/api.w.org\/{rel}","templated":true}]}}