{"id":978,"date":"2024-07-22T15:04:28","date_gmt":"2024-07-22T15:04:28","guid":{"rendered":"https:\/\/ykhoathongminh.com\/?post_type=product&#038;p=978"},"modified":"2024-09-11T08:58:05","modified_gmt":"2024-09-11T08:58:05","slug":"goi-massage-pin-sac-kachi-mk-343","status":"publish","type":"product","link":"https:\/\/ykhoathongminh.com\/en\/product\/goi-massage-pin-sac-kachi-mk-343\/","title":{"rendered":"G\u1ed1i Massage pin s\u1ea1c KACHI MK-343"},"content":{"rendered":"<p><strong>C\u00f4ng ngh\u1ec7 massage hi\u1ec7n \u0111\u1ea1i<\/strong><\/p>\n<p>G\u1ed1i Massage Kachi<a title=\"G\u1ed1i massage Kachi\" href=\"https:\/\/meta.vn\/goi-massage-c295?brands=1431\" target=\"_blank\" rel=\"noopener\">\u00a0<\/a>MK343 s\u1eed d\u1ee5ng\u00a0k\u1ef9 thu\u1eadt massage Shiatsu k\u1ebft h\u1ee3p v\u1edbi c\u00f4ng ngh\u1ec7 rung v\u00e0 nhi\u1ec7t h\u1ed3ng ngo\u1ea1i nh\u1eb1m gi\u1ea3m c\u0103ng c\u01a1 \u0111em l\u1ea1i c\u1ea3m gi\u00e1c th\u01b0 gi\u00e3n, tho\u1ea3i m\u00e1i.<\/p>\n<p>K\u1ef9 thu\u1eadt massage Shiatsu t\u1ea1o n\u00ean s\u1ef1 di chuy\u1ec3n nh\u1ecbp nh\u00e0ng 360 \u0111\u1ed9 c\u1ee7a c\u00e1c vi\u00ean bi \u0111\u01b0\u1ee3c thi\u1ebft k\u1ebf d\u1ef1a tr\u00ean thao t\u00e1c xoa b\u00f3p v\u00e0 b\u1ea5m huy\u1ec7t c\u1ee7a b\u00e0n tay ng\u01b0\u1eddi nh\u1eb1m \u0111em l\u1ea1i hi\u1ec7u qu\u1ea3 massage cao nh\u1ea5t.<br \/>\nB\u00ean c\u1ea1nh \u0111\u00f3, s\u1ea3n ph\u1ea9m h\u1ed7 tr\u1ee3 t\u00f9y ch\u1ec9nh ch\u1ebf \u0111\u1ed9 nhi\u1ec7t v\u00e0 \u0111\u1ed9 rung ph\u00f9 h\u1ee3p v\u1edbi t\u1eebng b\u1ed9 ph\u1eadn tr\u00ean c\u01a1 th\u1ec3 nh\u01b0 l\u01b0ng, b\u1ee5ng,&#8230; mang l\u1ea1i s\u1ef1 tho\u1ea3i m\u00e1i cho b\u1ea1n.<\/p>\n<p>&nbsp;<\/p>\n<p>Nhi\u1ec7t h\u1ed3ng ngo\u1ea1i v\u1eeba gi\u1eef \u1ea5m cho c\u01a1 th\u1ec3 v\u1eeba k\u00edch th\u00edch m\u00e1u l\u01b0u th\u00f4ng hi\u1ec7u qu\u1ea3, h\u1ed7 tr\u1ee3 gi\u1ea3m \u0111au nhanh ch\u00f3ng.<\/p>\n<p><strong>Dung l\u01b0\u01a1ng pin l\u1edbn<\/strong><\/p>\n<p>G\u1ed1i massage Kachi MK343 s\u1eed d\u1ee5ng pin s\u1ea1c gi\u00fap ng\u01b0\u1eddi d\u00f9ng s\u1eed d\u1ee5ng d\u1ec5 d\u00e0ng h\u01a1n, t\u00ednh linh \u0111\u1ed9ng cao h\u01a1n thu\u1eadn ti\u1ec7n cho vi\u1ec7c mang theo m\u1ecdi n\u01a1i.<\/p>\n<p>G\u1ed1i s\u1eed d\u1ee5ng pin c\u00f3 dung l\u01b0\u1ee3ng l\u00e0 2000 mAh cho ph\u00e9p s\u1eed d\u1ee5ng li\u00ean t\u1ee5c trong 1 gi\u1edd sau khi s\u1ea1c \u0111\u1ea7y trong 4 gi\u1edd. Th\u1eddi gian massage l\u00fd t\u01b0\u1edfng l\u00e0 15 ph\u00fat\/chu tr\u00ecnh.<\/p>\n<p><strong>Ch\u1ea5t li\u1ec7u b\u1ec1n v\u1eefng<\/strong><\/p>\n<p>G\u1ed1i massage Kachi l\u00e0m t\u1eeb da PU v\u00e0 v\u1ea3i l\u01b0\u1edbi MESH 3D c\u00f3 \u0111\u1ed9 b\u1ec1n cao, d\u1ec5 v\u1ec7 sinh l\u00e0m s\u1ea1ch. \u0110\u1ea7u massage l\u00e0m t\u1eeb nh\u1ef1a ABS si\u00eau b\u1ec1n.<\/p>\n<p><strong>B\u1ea1n \u0111\u1ed3ng h\u00e0nh tr\u00ean m\u1ecdi h\u00e0nh tr\u00ecnh<\/strong><\/p>\n<p>V\u1ec1 thi\u1ebft k\u1ebf, g\u1ed1i massage Kachi c\u00f3 ki\u1ec3u d\u00e1ng nh\u1ecf g\u1ecdn, tr\u1ecdng l\u01b0\u1ee3ng d\u1ec5 d\u00e0ng mang \u0111i b\u1ea5t c\u1ee9 \u0111\u00e2u \u0111\u1ec3 s\u1eed d\u1ee5ng nh\u01b0 khi \u0111i du l\u1ecbch, c\u00f4ng t\u00e1c,&#8230;<\/p>\n<p>\u0110\u1eb7c bi\u1ec7t, thi\u1ebft k\u1ebf kh\u00f4ng d\u00e2y c\u1ee7a s\u1ea3n ph\u1ea9m gi\u00fap b\u1ea1n c\u00f3 th\u1ec3\u00a0s\u1eed d\u1ee5ng tr\u00ean xe \u00f4 t\u00f4. Ng\u01b0\u1eddi d\u00f9ng c\u00f3 th\u1ec3 s\u1eed d\u1ee5ng g\u1ed1i cho nhi\u1ec1u b\u1ed9 ph\u1eadn kh\u00e1c nhau tr\u00ean c\u01a1 th\u1ec3 nh\u1eb1m l\u00e0m gi\u1ea3m \u0111au nh\u1ee9c c\u01a1 b\u1eafp.<\/p>\n<p><strong>V\u1eadn h\u00e0nh \u0111\u01a1n gi\u1ea3n<\/strong><\/p>\n<p>M\u00e1y kh\u1edfi \u0111\u1ed9ng \u0111\u01a1n gi\u1ea3n trong m\u1ed9t n\u00fat b\u1ea5m. Ch\u1ebf \u0111\u1ed9 t\u1ef1 \u0111\u1ed9ng t\u1eaft sau 15 ph\u00fat gi\u00fap b\u1ea1n y\u00ean t\u00e2m khi s\u1eed d\u1ee5ng.<\/p>","protected":false},"excerpt":{"rendered":"<p>G\u1ed1i massage\u00a0kh\u00f4ng d\u00e2y Kachi MK343 \u0111a n\u0103ng \u0111\u01b0\u1ee3c s\u1ea3n xu\u1ea5t theo d\u00e2y chuy\u1ec1n hi\u1ec7n \u0111\u1ea1i c\u1ee7a Nh\u1eadt B\u1ea3n \u0111\u1ea3m b\u1ea3o ch\u1ea5t l\u01b0\u1ee3ng v\u00e0 t\u00ednh n\u0103ng t\u1ed1t nh\u1ea5t \u0111\u1ebfn kh\u00e1ch h\u00e0ng.<\/p>","protected":false},"featured_media":6264,"comment_status":"open","ping_status":"closed","template":"","meta":{"_acf_changed":false,"rank_math_lock_modified_date":false},"product_cat":[274,93],"product_tag":[],"class_list":{"0":"post-978","1":"product","2":"type-product","3":"status-publish","4":"has-post-thumbnail","6":"product_cat-may-massage-co-vai-gay","7":"product_cat-thiet-bi-massage","9":"first","10":"instock","11":"shipping-taxable","12":"purchasable","13":"product-type-simple"},"acf":[],"_links":{"self":[{"href":"https:\/\/ykhoathongminh.com\/en\/wp-json\/wp\/v2\/product\/978"}],"collection":[{"href":"https:\/\/ykhoathongminh.com\/en\/wp-json\/wp\/v2\/product"}],"about":[{"href":"https:\/\/ykhoathongminh.com\/en\/wp-json\/wp\/v2\/types\/product"}],"replies":[{"embeddable":true,"href":"https:\/\/ykhoathongminh.com\/en\/wp-json\/wp\/v2\/comments?post=978"}],"wp:featuredmedia":[{"embeddable":true,"href":"https:\/\/ykhoathongminh.com\/en\/wp-json\/wp\/v2\/media\/6264"}],"wp:attachment":[{"href":"https:\/\/ykhoathongminh.com\/en\/wp-json\/wp\/v2\/media?parent=978"}],"wp:term":[{"taxonomy":"product_cat","embeddable":true,"href":"https:\/\/ykhoathongminh.com\/en\/wp-json\/wp\/v2\/product_cat?post=978"},{"taxonomy":"product_tag","embeddable":true,"href":"https:\/\/ykhoathongminh.com\/en\/wp-json\/wp\/v2\/product_tag?post=978"}],"curies":[{"name":"wp","href":"https:\/\/api.w.org\/{rel}","templated":true}]}}