{"id":983,"date":"2024-07-22T15:04:50","date_gmt":"2024-07-22T15:04:50","guid":{"rendered":"https:\/\/ykhoathongminh.com\/?post_type=product&#038;p=983"},"modified":"2024-11-15T06:14:32","modified_gmt":"2024-11-15T06:14:32","slug":"xe-lan-dien-gia-re-cho-nguoi-gia-lucass-xe-1002","status":"publish","type":"product","link":"https:\/\/ykhoathongminh.com\/en\/product\/xe-lan-dien-gia-re-cho-nguoi-gia-lucass-xe-1002\/","title":{"rendered":"Xe L\u0103n \u0110i\u1ec7n Gi\u00e1 R\u1ebb Cho Ng\u01b0\u1eddi Gi\u00e0 Lucass XE-1002"},"content":{"rendered":"<h2>\u01afu \u0111i\u1ec3m n\u1ed5i b\u1eadt c\u1ee7a xe l\u0103n \u0111i\u1ec7n Lucass XE-1002<\/h2>\n<h3>\u0110\u1ed1i t\u01b0\u1ee3ng s\u1eed d\u1ee5ng<\/h3>\n<p>Xe l\u0103n \u0111i\u1ec7n\u00a0Lucass XE-1002 \u0111\u1ebfn t\u1eeb th\u01b0\u01a1ng hi\u1ec7u c\u1ee7a M\u1ef9, t\u00edch h\u1ee3p b\u00ecnh \u1eafc quy s\u1ebd h\u1ed7 tr\u1ee3 ng\u01b0\u1eddi gi\u00e0 ng\u01b0\u1eddi b\u1ecb tai bi\u1ebfn thu\u1eadn ti\u1ec7n trong c\u00f4ng vi\u1ec7c di chuy\u1ec3n h\u00e0ng ng\u00e0y. Xe l\u0103n \u0111i\u1ec7n di chuy\u1ec3n v\u1eadn h\u00e0nh \u00eam \u00e1i, \u0111i\u1ec1u khi\u1ec3n d\u1ec5 d\u00e0ng gi\u00fap ng\u01b0\u1eddi d\u00f9ng v\u1eadn h\u00e0nh di chuy\u1ec3n xe linh ho\u1ea1t.<\/p>\n<h3>Khung th\u00e9p ch\u1eafc ch\u1eafn<\/h3>\n<p>Xe l\u0103n \u0111i\u1ec7n XE-1002 gia c\u1ed1 khung l\u00e0m t\u1eeb th\u00e9p ch\u1ecbu l\u1ef1c s\u01a1n t\u0129nh \u0111i\u1ec7n r\u1ea5t ch\u1eafc ch\u1eafn khi ng\u1ed3i, gi\u00fap ch\u1ecbu \u0111\u01b0\u1ee3c t\u1ea3i tr\u1ecdng l\u00ean t\u1edbi 120kg n\u00ean ph\u00f9 h\u1ee3p v\u1edbi m\u1ecdi ng\u01b0\u1eddi d\u00f9ng.<\/p>\n<figure id=\"attachment_6336\" aria-describedby=\"caption-attachment-6336\" style=\"width: 300px\" class=\"wp-caption aligncenter\"><img loading=\"lazy\" decoding=\"async\" class=\"size-medium wp-image-6336\" src=\"https:\/\/ykhoathongminh.com\/wp-content\/uploads\/2024\/07\/xe-lan-dien-cho-nguoi-gia-lucass-xe-1002g-gap-gon-duoc-300x300.jpg\" alt=\"\" width=\"300\" height=\"300\" srcset=\"https:\/\/ykhoathongminh.com\/wp-content\/uploads\/2024\/07\/xe-lan-dien-cho-nguoi-gia-lucass-xe-1002g-gap-gon-duoc-300x300.jpg 300w, https:\/\/ykhoathongminh.com\/wp-content\/uploads\/2024\/07\/xe-lan-dien-cho-nguoi-gia-lucass-xe-1002g-gap-gon-duoc-150x150.jpg 150w, https:\/\/ykhoathongminh.com\/wp-content\/uploads\/2024\/07\/xe-lan-dien-cho-nguoi-gia-lucass-xe-1002g-gap-gon-duoc-768x768.jpg 768w, https:\/\/ykhoathongminh.com\/wp-content\/uploads\/2024\/07\/xe-lan-dien-cho-nguoi-gia-lucass-xe-1002g-gap-gon-duoc-12x12.jpg 12w, https:\/\/ykhoathongminh.com\/wp-content\/uploads\/2024\/07\/xe-lan-dien-cho-nguoi-gia-lucass-xe-1002g-gap-gon-duoc-600x600.jpg 600w, https:\/\/ykhoathongminh.com\/wp-content\/uploads\/2024\/07\/xe-lan-dien-cho-nguoi-gia-lucass-xe-1002g-gap-gon-duoc-100x100.jpg 100w, https:\/\/ykhoathongminh.com\/wp-content\/uploads\/2024\/07\/xe-lan-dien-cho-nguoi-gia-lucass-xe-1002g-gap-gon-duoc.jpg 1000w\" sizes=\"(max-width: 300px) 100vw, 300px\" \/><figcaption id=\"caption-attachment-6336\" class=\"wp-caption-text\">Xe l\u0103n \u0111i\u1ec7n gi\u00e1 r\u1ebb cho ng\u01b0\u1eddi gi\u00e0 Lucass XE-1002<\/figcaption><\/figure>\n<h3>G\u00e1c ch\u00e2n v\u00e0 lan can xe c\u00f3 th\u1ec3 n\u00e2ng h\u1ea1<\/h3>\n<p>B\u1ed9 ph\u1eadn g\u00e1c ch\u00e2n v\u00e0 ph\u1ea7n lan can c\u1ee7a xe c\u00f3 th\u1ec3 th\u00e1o r\u1eddi ho\u1eb7c n\u00e2ng l\u00ean \u0111\u1ec3 cho ng\u01b0\u1eddi gi\u00e0 ng\u01b0\u1eddi b\u1ec7nh c\u00f3 th\u1ec3 di chuy\u1ec3n t\u1eeb b\u00ean ngo\u00e0i v\u00e0o xe l\u0103n d\u1ec5 d\u00e0ng.<\/p>\n<p>B\u1ec7 t\u00ec tay c\u00f3 n\u00fat kh\u00f3a nh\u1ea5c l\u00ean h\u1ea1 xu\u1ed1ng d\u1ec5 d\u00e0ng, ph\u1ea7n g\u00e1c ch\u00e2n c\u0169ng t\u01b0\u01a1ng t\u1ef1 c\u00f3 th\u1ec3 m\u1edf ra g\u1eafn v\u00e0o d\u1ec5 d\u00e0ng trong qu\u00e1 tr\u00ecnh s\u1eed d\u1ee5ng ho\u1eb7c trong qu\u00e1 tr\u00ecnh th\u00e1o r\u00e1p.<\/p>\n<h3>G\u1ea5p g\u1ecdn ti\u1ec7n l\u1ee3i<\/h3>\n<p>Xe l\u0103n \u0111i\u1ec7n XE-1002 g\u1ea5p g\u1ecdn nhanh ch\u00f3ng \u0111\u1ec3 ng\u01b0\u1eddi d\u00f9ng c\u00f3 th\u1ec3 b\u1ecf v\u00e0o c\u1ed1p xe h\u01a1i ho\u1eb7c \u0111i m\u00e1y bay ho\u1eb7c c\u1ea5t gi\u1eef g\u1ecdn g\u00e0ng h\u01a1n.<\/p>\n<h3>C\u1ea7n \u0111i\u1ec1u khi\u1ec3n d\u1ec5 d\u00e0ng s\u1eed d\u1ee5ng<\/h3>\n<p>Tr\u00ean c\u1ea7n \u0111i\u1ec1u khi\u1ec3n xe l\u0103n \u0111i\u1ec7n g\u1ed3m c\u00e1c n\u00fat \u0111i\u1ec1u ch\u1ec9nh t\u0103ng gi\u1ea3m t\u1ed1c \u0111\u1ed9, k\u00e8n b\u00e1o hi\u1ec7u, n\u00fat t\u1eaft b\u1eadt v\u00e0 h\u1ec7 th\u1ed1ng \u0111\u00e8n b\u00e1o pin v\u00e0 t\u1ed1c \u0111\u1ed9 ch\u00fang ta d\u1ec5 d\u00e0ng \u0111i\u1ec1u ch\u1ec9nh c\u00e1c n\u00fat b\u1ea5m v\u00e0 d\u1ec5 d\u00e0ng thao t\u00e1c c\u1ea7n \u0111i\u1ec1u khi\u1ec3n khi ti\u1ebfn\/l\u00f9i hay r\u1ebd tr\u00e1i\/ph\u1ea3i<\/p>\n<h3>Th\u1eddi gian s\u1eed d\u1ee5ng d\u00e0i<\/h3>\n<p>Xe l\u0103n \u0111i\u1ec7n XE-1002 c\u00f3 th\u1eddi gian s\u1ea1c b\u00ecnh \u1eafc quy t\u1eeb 6 &#8211; 7 gi\u1edd cho qu\u00e3ng \u0111\u01b0\u1eddng di chuy\u1ec3n xa l\u00ean t\u1edbi 20km.<\/p>\n<p>Xe c\u00f3 h\u1ec7 th\u1ed1ng s\u1ea1c t\u1ef1 ng\u1eaft \u0111\u1ea3m b\u1ea3o an to\u00e0n, ch\u1ed1ng ch\u00e1y n\u1ed5. \u0110\u1ed9ng c\u01a1 c\u00f3 c\u00f4ng su\u1ea5t 500W gi\u00fap xe l\u0103n di chuy\u1ec3n \u0111\u01b0\u1ee3c qu\u00e3ng \u0111\u01b0\u1eddng xa qua nhi\u1ec1u \u0111\u1ecba h\u00ecnh kh\u00e1c nhau nh\u01b0 \u0111\u01b0\u1eddng \u0111\u1ea5t, \u0111a, b\u00ea t\u00f4ng nh\u1ef1a ho\u1eb7c di chuy\u1ec3n qua c\u00e1c \u0111\u1ecba h\u00ecnh g\u1eadp gh\u1ec1nh, ph\u00f9 h\u1ee3p cho nhi\u1ec1u lo\u1ea1i \u0111\u1ecba h\u00ecnh kh\u00e1c nhau&#8230;<\/p>","protected":false},"excerpt":{"rendered":"<p><strong>Th\u01b0\u01a1ng hi\u1ec7u<\/strong>: Lucass \u2013 M\u1ef9<\/p>\n<p><strong>B\u1ea3o h\u00e0nh ch\u00ednh h\u00e3ng<\/strong><\/p>\n<div class=\"page\" title=\"Page 1\">\n<div class=\"section\">\n<div class=\"layoutArea\">\n<div class=\"column\">\n<ul>\n<li>H\u1eb9\u0302 th\u00f4\u0301ng khung co\u031b khi\u0301: 24 th\u00e1ng<\/li>\n<li>H\u1eb9\u0302 th\u00f4\u0301ng truy\u00ea\u0300n \u0111\u1ecd\u0302ng: 12 th\u00e1ng<\/li>\n<li>H\u1eb9\u0302 th\u00f4\u0301ng \u0111i\u1eb9\u0302n-\u0111i\u00ea\u0300u khi\u00ea\u0309n: 12 th\u00e1ng<\/li>\n<li>Bi\u0300nh \u0111i\u1eb9\u0302n: 6 tha\u0301ng<\/li>\n<\/ul>\n<\/div>\n<\/div>\n<\/div>\n<\/div>\n<p><strong>B\u1ea3o tr\u00ec<\/strong>: Tr\u1ecdn \u0111\u1eddi. Lu\u00f4n c\u00f3 linh ki\u1ec7n \u0111\u1ec3 thay th\u1ebf trong th\u1eddi gian s\u1eed d\u1ee5ng<\/p>","protected":false},"featured_media":6336,"comment_status":"open","ping_status":"closed","template":"","meta":{"_acf_changed":false,"rank_math_lock_modified_date":false},"product_cat":[109,1145,1228,110,115],"product_tag":[],"class_list":{"0":"post-983","1":"product","2":"type-product","3":"status-publish","4":"has-post-thumbnail","6":"product_cat-san-pham-ho-tro-di-lai","7":"product_cat-xe-di-chuyen-bang-dien","8":"product_cat-xe-dien-4-banh","9":"product_cat-xe-lan","10":"product_cat-xe-lan-dien","12":"first","13":"instock","14":"shipping-taxable","15":"purchasable","16":"product-type-simple"},"acf":[],"_links":{"self":[{"href":"https:\/\/ykhoathongminh.com\/en\/wp-json\/wp\/v2\/product\/983"}],"collection":[{"href":"https:\/\/ykhoathongminh.com\/en\/wp-json\/wp\/v2\/product"}],"about":[{"href":"https:\/\/ykhoathongminh.com\/en\/wp-json\/wp\/v2\/types\/product"}],"replies":[{"embeddable":true,"href":"https:\/\/ykhoathongminh.com\/en\/wp-json\/wp\/v2\/comments?post=983"}],"wp:featuredmedia":[{"embeddable":true,"href":"https:\/\/ykhoathongminh.com\/en\/wp-json\/wp\/v2\/media\/6336"}],"wp:attachment":[{"href":"https:\/\/ykhoathongminh.com\/en\/wp-json\/wp\/v2\/media?parent=983"}],"wp:term":[{"taxonomy":"product_cat","embeddable":true,"href":"https:\/\/ykhoathongminh.com\/en\/wp-json\/wp\/v2\/product_cat?post=983"},{"taxonomy":"product_tag","embeddable":true,"href":"https:\/\/ykhoathongminh.com\/en\/wp-json\/wp\/v2\/product_tag?post=983"}],"curies":[{"name":"wp","href":"https:\/\/api.w.org\/{rel}","templated":true}]}}